{"id":7863,"date":"2025-06-13T09:39:47","date_gmt":"2025-06-13T13:39:47","guid":{"rendered":"https:\/\/ctica.ula.ve\/observatorio\/?page_id=7863"},"modified":"2026-04-21T17:51:44","modified_gmt":"2026-04-21T21:51:44","slug":"proyectos","status":"publish","type":"page","link":"https:\/\/ctica.ula.ve\/observatorio\/proyectos\/","title":{"rendered":"Proyectos"},"content":{"rendered":"\t\t<div data-elementor-type=\"wp-page\" data-elementor-id=\"7863\" class=\"elementor elementor-7863\" data-elementor-post-type=\"page\">\n\t\t\t\t<div class=\"elementor-element elementor-element-89bdafc e-flex e-con-boxed e-con e-parent\" data-id=\"89bdafc\" data-element_type=\"container\" data-e-type=\"container\">\n\t\t\t\t\t<div class=\"e-con-inner\">\n\t\t\t\t<div class=\"elementor-element elementor-element-9c2edd6 exad-sticky-section-no exad-glass-effect-no elementor-widget elementor-widget-image\" data-id=\"9c2edd6\" data-element_type=\"widget\" data-e-type=\"widget\" data-widget_type=\"image.default\">\n\t\t\t\t<div class=\"elementor-widget-container\">\n\t\t\t\t\t\t\t\t\t\t\t\t\t\t\t<img fetchpriority=\"high\" decoding=\"async\" width=\"2560\" height=\"206\" src=\"https:\/\/ctica.ula.ve\/observatorio\/wp-content\/uploads\/2026\/04\/5-proyectos-innovadores-scaled.png\" class=\"attachment-full size-full wp-image-9033\" alt=\"\" srcset=\"https:\/\/ctica.ula.ve\/observatorio\/wp-content\/uploads\/2026\/04\/5-proyectos-innovadores-scaled.png 2560w, https:\/\/ctica.ula.ve\/observatorio\/wp-content\/uploads\/2026\/04\/5-proyectos-innovadores-300x24.png 300w, https:\/\/ctica.ula.ve\/observatorio\/wp-content\/uploads\/2026\/04\/5-proyectos-innovadores-1024x82.png 1024w, https:\/\/ctica.ula.ve\/observatorio\/wp-content\/uploads\/2026\/04\/5-proyectos-innovadores-768x62.png 768w, https:\/\/ctica.ula.ve\/observatorio\/wp-content\/uploads\/2026\/04\/5-proyectos-innovadores-1536x123.png 1536w, https:\/\/ctica.ula.ve\/observatorio\/wp-content\/uploads\/2026\/04\/5-proyectos-innovadores-2048x165.png 2048w\" sizes=\"(max-width: 2560px) 100vw, 2560px\" \/>\t\t\t\t\t\t\t\t\t\t\t\t\t\t\t<\/div>\n\t\t\t\t<\/div>\n\t\t\t\t\t<\/div>\n\t\t\t\t<\/div>\n\t\t<div class=\"elementor-element elementor-element-d4564c5 e-flex e-con-boxed e-con e-parent\" data-id=\"d4564c5\" data-element_type=\"container\" data-e-type=\"container\">\n\t\t\t\t\t<div class=\"e-con-inner\">\n\t\t\t\t<div class=\"elementor-element elementor-element-12ed3d8 exad-sticky-section-no exad-glass-effect-no elementor-widget elementor-widget-spacer\" data-id=\"12ed3d8\" data-element_type=\"widget\" data-e-type=\"widget\" data-widget_type=\"spacer.default\">\n\t\t\t\t<div class=\"elementor-widget-container\">\n\t\t\t\t\t\t\t<div class=\"elementor-spacer\">\n\t\t\t<div class=\"elementor-spacer-inner\"><\/div>\n\t\t<\/div>\n\t\t\t\t\t\t<\/div>\n\t\t\t\t<\/div>\n\t\t\t\t\t<\/div>\n\t\t\t\t<\/div>\n\t\t<div class=\"elementor-element elementor-element-3c50830 e-flex e-con-boxed e-con e-parent\" data-id=\"3c50830\" data-element_type=\"container\" data-e-type=\"container\">\n\t\t\t\t\t<div class=\"e-con-inner\">\n\t\t\t\t<div class=\"elementor-element elementor-element-24d0201 elementor-grid-3 elementor-grid-tablet-2 elementor-grid-mobile-1 elementor-posts--align-left exad-sticky-section-no exad-glass-effect-no elementor-widget elementor-widget-blogmentor_blog_posts\" data-id=\"24d0201\" data-element_type=\"widget\" data-e-type=\"widget\" data-settings=\"{&quot;bm_grid_columns&quot;:&quot;3&quot;,&quot;bm_grid_columns_tablet&quot;:&quot;2&quot;,&quot;bm_grid_columns_mobile&quot;:&quot;1&quot;,&quot;post_card_grid_gap&quot;:{&quot;unit&quot;:&quot;px&quot;,&quot;size&quot;:10,&quot;sizes&quot;:[]},&quot;post_card_row_gap&quot;:{&quot;unit&quot;:&quot;px&quot;,&quot;size&quot;:35,&quot;sizes&quot;:[]}}\" data-widget_type=\"blogmentor_blog_posts.default\">\n\t\t\t\t<div class=\"elementor-widget-container\">\n\t\t\t\t\t\t\t\n\t\t\t\t\t\t\t\t<div class=\"bm-blog-posts-wrapper\" >\n\t\t\t\t\t\t\t<div class=\"bm-blog-posts bm-display-grid elementor-grid elementor-grid-3\" >\n\t\t\t\t    <article id=\"post-8845\" class=\"item bm_layout post-8845 post type-post status-publish format-standard has-post-thumbnail hentry category-proyectos tag-proyectos\">\n\t\t<div class=\"bm-blog-post-image entry-post-image\">\n\t\t\t<div class=\"bm-post-image clearfix bm-hover-effect\">\n\t\t\t\t<img decoding=\"async\" width=\"250\" height=\"250\" src=\"https:\/\/ctica.ula.ve\/observatorio\/wp-content\/uploads\/2026\/03\/school-298680_640-250x250-1.jpg\" class=\"attachment-bm-post-thumb size-bm-post-thumb wp-post-image\" alt=\"\" srcset=\"https:\/\/ctica.ula.ve\/observatorio\/wp-content\/uploads\/2026\/03\/school-298680_640-250x250-1.jpg 250w, https:\/\/ctica.ula.ve\/observatorio\/wp-content\/uploads\/2026\/03\/school-298680_640-250x250-1-150x150.jpg 150w\" sizes=\"(max-width: 250px) 100vw, 250px\" \/>\t\t\t<\/div>\n\t\t<\/div>\n        <div class=\"bm-blog-post-content bm_content_box\">\n            <h4 class=\"entry-post-title bm_title\"><a href=\"https:\/\/ctica.ula.ve\/observatorio\/la-investigacion-va-a-la-escuela\/\" rel=\"bookmark\">La investigaci\u00f3n va a la escuela<\/a><\/h4>            <div class=\"bm-blog-post-meta entry-post-meta bm_meta\">\n                            <\/div>\n            <div class=\"entry-post-content bm_content\">\n                            <\/div>\n        <\/div>\n    <\/article>\n    <article id=\"post-8839\" class=\"item bm_layout post-8839 post type-post status-publish format-standard has-post-thumbnail hentry category-proyectos tag-proyectos\">\n\t\t<div class=\"bm-blog-post-image entry-post-image\">\n\t\t\t<div class=\"bm-post-image clearfix bm-hover-effect\">\n\t\t\t\t<img decoding=\"async\" width=\"250\" height=\"250\" src=\"https:\/\/ctica.ula.ve\/observatorio\/wp-content\/uploads\/2026\/03\/software-development-6523979_640-250x250-1.jpg\" class=\"attachment-bm-post-thumb size-bm-post-thumb wp-post-image\" alt=\"\" srcset=\"https:\/\/ctica.ula.ve\/observatorio\/wp-content\/uploads\/2026\/03\/software-development-6523979_640-250x250-1.jpg 250w, https:\/\/ctica.ula.ve\/observatorio\/wp-content\/uploads\/2026\/03\/software-development-6523979_640-250x250-1-150x150.jpg 150w\" sizes=\"(max-width: 250px) 100vw, 250px\" \/>\t\t\t<\/div>\n\t\t<\/div>\n        <div class=\"bm-blog-post-content bm_content_box\">\n            <h4 class=\"entry-post-title bm_title\"><a href=\"https:\/\/ctica.ula.ve\/observatorio\/automatizacion-integrada-en-i4-0-y-gemelos-digitales-en-wss\/\" rel=\"bookmark\">Automatizaci\u00f3n integrada en I4.0 y Gemelos Digitales en WSS<\/a><\/h4>            <div class=\"bm-blog-post-meta entry-post-meta bm_meta\">\n                            <\/div>\n            <div class=\"entry-post-content bm_content\">\n                            <\/div>\n        <\/div>\n    <\/article>\n    <article id=\"post-8829\" class=\"item bm_layout post-8829 post type-post status-publish format-standard has-post-thumbnail hentry category-proyectos tag-proyectos\">\n\t\t<div class=\"bm-blog-post-image entry-post-image\">\n\t\t\t<div class=\"bm-post-image clearfix bm-hover-effect\">\n\t\t\t\t<img loading=\"lazy\" decoding=\"async\" width=\"250\" height=\"250\" src=\"https:\/\/ctica.ula.ve\/observatorio\/wp-content\/uploads\/2026\/03\/online-learning-5163039_640-250x250-1.jpg\" class=\"attachment-bm-post-thumb size-bm-post-thumb wp-post-image\" alt=\"\" srcset=\"https:\/\/ctica.ula.ve\/observatorio\/wp-content\/uploads\/2026\/03\/online-learning-5163039_640-250x250-1.jpg 250w, https:\/\/ctica.ula.ve\/observatorio\/wp-content\/uploads\/2026\/03\/online-learning-5163039_640-250x250-1-150x150.jpg 150w\" sizes=\"(max-width: 250px) 100vw, 250px\" \/>\t\t\t<\/div>\n\t\t<\/div>\n        <div class=\"bm-blog-post-content bm_content_box\">\n            <h4 class=\"entry-post-title bm_title\"><a href=\"https:\/\/ctica.ula.ve\/observatorio\/plataforma-de-gestion-del-aprendizaje-para-la-educacion-con-tecnologias-abiertas\/\" rel=\"bookmark\">Plataforma de gesti\u00f3n del aprendizaje para la Educaci\u00f3n, con tecnolog\u00edas abiertas<\/a><\/h4>            <div class=\"bm-blog-post-meta entry-post-meta bm_meta\">\n                            <\/div>\n            <div class=\"entry-post-content bm_content\">\n                            <\/div>\n        <\/div>\n    <\/article>\n\t\t\t\t<\/div><\/div>\n\t\t\t\t\t\t\t<div class=\"bm-pagination pagination_style_1\">\n\t\t\t\t\t\t\t<\/div>\n\t\t\t\t\t\t<\/div>\n\t\t\t\t<\/div>\n\t\t\t\t\t<\/div>\n\t\t\t\t<\/div>\n\t\t\t\t<\/div>\n\t\t","protected":false},"excerpt":{"rendered":"<p>La investigaci\u00f3n va a la escuela Automatizaci\u00f3n integrada en I4.0 y Gemelos Digitales en WSS Plataforma de gesti\u00f3n del aprendizaje para la Educaci\u00f3n, con tecnolog\u00edas abiertas<\/p>\n","protected":false},"author":3,"featured_media":0,"parent":0,"menu_order":0,"comment_status":"closed","ping_status":"closed","template":"template\/page-builder.php","meta":{"footnotes":""},"class_list":["post-7863","page","type-page","status-publish","hentry"],"_links":{"self":[{"href":"https:\/\/ctica.ula.ve\/observatorio\/wp-json\/wp\/v2\/pages\/7863","targetHints":{"allow":["GET"]}}],"collection":[{"href":"https:\/\/ctica.ula.ve\/observatorio\/wp-json\/wp\/v2\/pages"}],"about":[{"href":"https:\/\/ctica.ula.ve\/observatorio\/wp-json\/wp\/v2\/types\/page"}],"author":[{"embeddable":true,"href":"https:\/\/ctica.ula.ve\/observatorio\/wp-json\/wp\/v2\/users\/3"}],"replies":[{"embeddable":true,"href":"https:\/\/ctica.ula.ve\/observatorio\/wp-json\/wp\/v2\/comments?post=7863"}],"version-history":[{"count":25,"href":"https:\/\/ctica.ula.ve\/observatorio\/wp-json\/wp\/v2\/pages\/7863\/revisions"}],"predecessor-version":[{"id":9430,"href":"https:\/\/ctica.ula.ve\/observatorio\/wp-json\/wp\/v2\/pages\/7863\/revisions\/9430"}],"wp:attachment":[{"href":"https:\/\/ctica.ula.ve\/observatorio\/wp-json\/wp\/v2\/media?parent=7863"}],"curies":[{"name":"wp","href":"https:\/\/api.w.org\/{rel}","templated":true}]}}