{"id":5623,"date":"2025-05-06T21:46:41","date_gmt":"2025-05-07T01:46:41","guid":{"rendered":"https:\/\/ctica.ula.ve\/observatorio\/?page_id=5623"},"modified":"2026-04-20T09:07:15","modified_gmt":"2026-04-20T13:07:15","slug":"dra-lilian-n-angulo","status":"publish","type":"page","link":"https:\/\/ctica.ula.ve\/observatorio\/dra-lilian-n-angulo\/","title":{"rendered":"Dra. Lilian N. Angulo"},"content":{"rendered":"\t\t<div data-elementor-type=\"wp-page\" data-elementor-id=\"5623\" class=\"elementor elementor-5623\" data-elementor-post-type=\"page\">\n\t\t\t\t<div class=\"elementor-element elementor-element-1ea03f0 e-con-full e-flex e-con e-parent\" data-id=\"1ea03f0\" data-element_type=\"container\" data-e-type=\"container\">\n\t\t<div class=\"elementor-element elementor-element-fa78bd6 e-con-full e-flex e-con e-child\" data-id=\"fa78bd6\" data-element_type=\"container\" data-e-type=\"container\">\n\t\t\t\t<div class=\"elementor-element elementor-element-aae0689 exad-sticky-section-no exad-glass-effect-no elementor-widget elementor-widget-image\" data-id=\"aae0689\" data-element_type=\"widget\" data-e-type=\"widget\" data-widget_type=\"image.default\">\n\t\t\t\t<div class=\"elementor-widget-container\">\n\t\t\t\t\t\t\t\t\t\t\t\t\t\t\t<img fetchpriority=\"high\" decoding=\"async\" width=\"300\" height=\"300\" src=\"https:\/\/ctica.ula.ve\/observatorio\/wp-content\/uploads\/2025\/05\/11-1-300x300.jpg\" class=\"elementor-animation-grow attachment-medium size-medium wp-image-5376\" alt=\"\" srcset=\"https:\/\/ctica.ula.ve\/observatorio\/wp-content\/uploads\/2025\/05\/11-1-300x300.jpg 300w, https:\/\/ctica.ula.ve\/observatorio\/wp-content\/uploads\/2025\/05\/11-1-150x150.jpg 150w, https:\/\/ctica.ula.ve\/observatorio\/wp-content\/uploads\/2025\/05\/11-1-250x250.jpg 250w, https:\/\/ctica.ula.ve\/observatorio\/wp-content\/uploads\/2025\/05\/11-1.jpg 422w\" sizes=\"(max-width: 300px) 100vw, 300px\" \/>\t\t\t\t\t\t\t\t\t\t\t\t\t\t\t<\/div>\n\t\t\t\t<\/div>\n\t\t\t\t<\/div>\n\t\t<div class=\"elementor-element elementor-element-811d57a e-con-full e-flex e-con e-child\" data-id=\"811d57a\" data-element_type=\"container\" data-e-type=\"container\">\n\t\t<div class=\"elementor-element elementor-element-5e068ae e-con-full e-flex e-con e-child\" data-id=\"5e068ae\" data-element_type=\"container\" data-e-type=\"container\">\n\t\t\t\t<div class=\"elementor-element elementor-element-572b9d1 e-n-tabs-mobile exad-sticky-section-no exad-glass-effect-no elementor-widget elementor-widget-n-tabs\" data-id=\"572b9d1\" data-element_type=\"widget\" data-e-type=\"widget\" data-widget_type=\"nested-tabs.default\">\n\t\t\t\t<div class=\"elementor-widget-container\">\n\t\t\t\t\t\t\t<div class=\"e-n-tabs\" data-widget-number=\"91404753\" aria-label=\"Tabs. Open items with Enter or Space, close with Escape and navigate using the Arrow keys.\">\n\t\t\t<div class=\"e-n-tabs-heading\" role=\"tablist\">\n\t\t\t\t\t<button id=\"e-n-tab-title-914047531\" data-tab-title-id=\"e-n-tab-title-914047531\" class=\"e-n-tab-title\" aria-selected=\"true\" data-tab-index=\"1\" role=\"tab\" tabindex=\"0\" aria-controls=\"e-n-tab-content-914047531\" style=\"--n-tabs-title-order: 1;\">\n\t\t\t\t\t\t<span class=\"e-n-tab-title-text\">\n\t\t\t\tDatos Personales\t\t\t<\/span>\n\t\t<\/button>\n\t\t\t\t<button id=\"e-n-tab-title-914047532\" data-tab-title-id=\"e-n-tab-title-914047532\" class=\"e-n-tab-title\" aria-selected=\"false\" data-tab-index=\"2\" role=\"tab\" tabindex=\"-1\" aria-controls=\"e-n-tab-content-914047532\" style=\"--n-tabs-title-order: 2;\">\n\t\t\t\t\t\t<span class=\"e-n-tab-title-text\">\n\t\t\t\tDatos Acad\u00e9micos\t\t\t<\/span>\n\t\t<\/button>\n\t\t\t\t<button id=\"e-n-tab-title-914047533\" data-tab-title-id=\"e-n-tab-title-914047533\" class=\"e-n-tab-title\" aria-selected=\"false\" data-tab-index=\"3\" role=\"tab\" tabindex=\"-1\" aria-controls=\"e-n-tab-content-914047533\" style=\"--n-tabs-title-order: 3;\">\n\t\t\t\t\t\t<span class=\"e-n-tab-title-text\">\n\t\t\t\tDatos  Profesionales\t\t\t<\/span>\n\t\t<\/button>\n\t\t\t\t<button id=\"e-n-tab-title-914047534\" data-tab-title-id=\"e-n-tab-title-914047534\" class=\"e-n-tab-title\" aria-selected=\"false\" data-tab-index=\"4\" role=\"tab\" tabindex=\"-1\" aria-controls=\"e-n-tab-content-914047534\" style=\"--n-tabs-title-order: 4;\">\n\t\t\t\t\t\t<span class=\"e-n-tab-title-text\">\n\t\t\t\t\u00c1reas de Innovaci\u00f3n \t\t\t<\/span>\n\t\t<\/button>\n\t\t\t\t\t<\/div>\n\t\t\t<div class=\"e-n-tabs-content\">\n\t\t\t\t<div id=\"e-n-tab-content-914047531\" role=\"tabpanel\" aria-labelledby=\"e-n-tab-title-914047531\" data-tab-index=\"1\" style=\"--n-tabs-title-order: 1;\" class=\"e-active elementor-element elementor-element-9a84712 e-con-full e-flex e-con e-child\" data-id=\"9a84712\" data-element_type=\"container\" data-e-type=\"container\">\n\t\t<div class=\"elementor-element elementor-element-b88c78e e-con-full e-flex e-con e-child\" data-id=\"b88c78e\" data-element_type=\"container\" data-e-type=\"container\">\n\t\t<div class=\"elementor-element elementor-element-01b33e4 e-con-full e-flex e-con e-child\" data-id=\"01b33e4\" data-element_type=\"container\" data-e-type=\"container\">\n\t\t\t\t<div class=\"elementor-element elementor-element-580125c exad-sticky-section-no exad-glass-effect-no elementor-widget elementor-widget-text-editor\" data-id=\"580125c\" data-element_type=\"widget\" data-e-type=\"widget\" data-widget_type=\"text-editor.default\">\n\t\t\t\t<div class=\"elementor-widget-container\">\n\t\t\t\t\t\t\t\t\t<p><strong><span style=\"color: #0053a1;\">Nombres<\/span><\/strong><\/p>\t\t\t\t\t\t\t\t<\/div>\n\t\t\t\t<\/div>\n\t\t\t\t<div class=\"elementor-element elementor-element-4ad6d82 exad-sticky-section-no exad-glass-effect-no elementor-widget elementor-widget-text-editor\" data-id=\"4ad6d82\" data-element_type=\"widget\" data-e-type=\"widget\" data-widget_type=\"text-editor.default\">\n\t\t\t\t<div class=\"elementor-widget-container\">\n\t\t\t\t\t\t\t\t\t<p><span style=\"color: #0053a1;\"><strong>Apellidos<\/strong><\/span><\/p>\t\t\t\t\t\t\t\t<\/div>\n\t\t\t\t<\/div>\n\t\t\t\t<\/div>\n\t\t<div class=\"elementor-element elementor-element-2f37587 e-con-full e-flex e-con e-child\" data-id=\"2f37587\" data-element_type=\"container\" data-e-type=\"container\">\n\t\t\t\t<div class=\"elementor-element elementor-element-b7a273a exad-sticky-section-no exad-glass-effect-no elementor-widget elementor-widget-text-editor\" data-id=\"b7a273a\" data-element_type=\"widget\" data-e-type=\"widget\" data-widget_type=\"text-editor.default\">\n\t\t\t\t<div class=\"elementor-widget-container\">\n\t\t\t\t\t\t\t\t\t<p>Lilian N.<\/p>\t\t\t\t\t\t\t\t<\/div>\n\t\t\t\t<\/div>\n\t\t\t\t<div class=\"elementor-element elementor-element-8f30ea2 exad-sticky-section-no exad-glass-effect-no elementor-widget elementor-widget-text-editor\" data-id=\"8f30ea2\" data-element_type=\"widget\" data-e-type=\"widget\" data-widget_type=\"text-editor.default\">\n\t\t\t\t<div class=\"elementor-widget-container\">\n\t\t\t\t\t\t\t\t\t<p>Angulo<\/p>\t\t\t\t\t\t\t\t<\/div>\n\t\t\t\t<\/div>\n\t\t\t\t<\/div>\n\t\t<div class=\"elementor-element elementor-element-086bec6 e-con-full e-flex e-con e-child\" data-id=\"086bec6\" data-element_type=\"container\" data-e-type=\"container\">\n\t\t\t\t<div class=\"elementor-element elementor-element-9a0fe43 exad-sticky-section-no exad-glass-effect-no elementor-widget elementor-widget-text-editor\" data-id=\"9a0fe43\" data-element_type=\"widget\" data-e-type=\"widget\" data-widget_type=\"text-editor.default\">\n\t\t\t\t<div class=\"elementor-widget-container\">\n\t\t\t\t\t\t\t\t\t<p><strong><span style=\"color: #0053a1;\">Correo electr\u00f3nico\u00a0<\/span><\/strong><\/p>\t\t\t\t\t\t\t\t<\/div>\n\t\t\t\t<\/div>\n\t\t\t\t<div class=\"elementor-element elementor-element-a4a7666 exad-sticky-section-no exad-glass-effect-no elementor-widget elementor-widget-text-editor\" data-id=\"a4a7666\" data-element_type=\"widget\" data-e-type=\"widget\" data-widget_type=\"text-editor.default\">\n\t\t\t\t<div class=\"elementor-widget-container\">\n\t\t\t\t\t\t\t\t\t<p><strong><span style=\"color: #0053a1;\">Ocupaci\u00f3n actual<\/span><\/strong><\/p>\t\t\t\t\t\t\t\t<\/div>\n\t\t\t\t<\/div>\n\t\t\t\t<\/div>\n\t\t<div class=\"elementor-element elementor-element-f8b7fd8 e-con-full e-flex e-con e-child\" data-id=\"f8b7fd8\" data-element_type=\"container\" data-e-type=\"container\">\n\t\t\t\t<div class=\"elementor-element elementor-element-54c3f81 exad-sticky-section-no exad-glass-effect-no elementor-widget elementor-widget-text-editor\" data-id=\"54c3f81\" data-element_type=\"widget\" data-e-type=\"widget\" data-widget_type=\"text-editor.default\">\n\t\t\t\t<div class=\"elementor-widget-container\">\n\t\t\t\t\t\t\t\t\t<p>liliannayiveangulo@gmail.com<\/p>\t\t\t\t\t\t\t\t<\/div>\n\t\t\t\t<\/div>\n\t\t\t\t<div class=\"elementor-element elementor-element-494c140 exad-sticky-section-no exad-glass-effect-no elementor-widget elementor-widget-text-editor\" data-id=\"494c140\" data-element_type=\"widget\" data-e-type=\"widget\" data-widget_type=\"text-editor.default\">\n\t\t\t\t<div class=\"elementor-widget-container\">\n\t\t\t\t\t\t\t\t\t<p>Profesora Adscrita al Departamento de<br \/>Administraci\u00f3n Educacional de la Facultad de Humanidades y Educaci\u00f3n ULA<\/p>\t\t\t\t\t\t\t\t<\/div>\n\t\t\t\t<\/div>\n\t\t\t\t<\/div>\n\t\t\t\t<\/div>\n\t\t\t\t<\/div>\n\t\t<div id=\"e-n-tab-content-914047532\" role=\"tabpanel\" aria-labelledby=\"e-n-tab-title-914047532\" data-tab-index=\"2\" style=\"--n-tabs-title-order: 2;\" class=\" elementor-element elementor-element-cdf21b1 e-con-full e-flex e-con e-child\" data-id=\"cdf21b1\" data-element_type=\"container\" data-e-type=\"container\">\n\t\t<div class=\"elementor-element elementor-element-a1b8e0f e-flex e-con-boxed e-con e-child\" data-id=\"a1b8e0f\" data-element_type=\"container\" data-e-type=\"container\">\n\t\t\t\t\t<div class=\"e-con-inner\">\n\t\t<div class=\"elementor-element elementor-element-48b27c4 e-con-full e-flex e-con e-child\" data-id=\"48b27c4\" data-element_type=\"container\" data-e-type=\"container\">\n\t\t\t\t<div class=\"elementor-element elementor-element-023827d exad-sticky-section-no exad-glass-effect-no elementor-widget elementor-widget-text-editor\" data-id=\"023827d\" data-element_type=\"widget\" data-e-type=\"widget\" data-widget_type=\"text-editor.default\">\n\t\t\t\t<div class=\"elementor-widget-container\">\n\t\t\t\t\t\t\t\t\t<p><strong><span style=\"color: #0053a1;\">Nivel acad\u00e9mico<\/span><\/strong><\/p>\t\t\t\t\t\t\t\t<\/div>\n\t\t\t\t<\/div>\n\t\t\t\t<div class=\"elementor-element elementor-element-356832f exad-sticky-section-no exad-glass-effect-no elementor-widget elementor-widget-text-editor\" data-id=\"356832f\" data-element_type=\"widget\" data-e-type=\"widget\" data-widget_type=\"text-editor.default\">\n\t\t\t\t<div class=\"elementor-widget-container\">\n\t\t\t\t\t\t\t\t\t<p><strong><span style=\"color: #0053a1;\">Facultad, n\u00facleo o dependencia<\/span><\/strong><\/p>\t\t\t\t\t\t\t\t<\/div>\n\t\t\t\t<\/div>\n\t\t\t\t<\/div>\n\t\t<div class=\"elementor-element elementor-element-2f89283 e-con-full e-flex e-con e-child\" data-id=\"2f89283\" data-element_type=\"container\" data-e-type=\"container\">\n\t\t\t\t<div class=\"elementor-element elementor-element-accab56 exad-sticky-section-no exad-glass-effect-no elementor-widget elementor-widget-text-editor\" data-id=\"accab56\" data-element_type=\"widget\" data-e-type=\"widget\" data-widget_type=\"text-editor.default\">\n\t\t\t\t<div class=\"elementor-widget-container\">\n\t\t\t\t\t\t\t\t\t<p><span style=\"color: #0053a1;\">Doctor<\/span><\/p>\t\t\t\t\t\t\t\t<\/div>\n\t\t\t\t<\/div>\n\t\t\t\t<div class=\"elementor-element elementor-element-6b20bbd exad-sticky-section-no exad-glass-effect-no elementor-widget elementor-widget-text-editor\" data-id=\"6b20bbd\" data-element_type=\"widget\" data-e-type=\"widget\" data-widget_type=\"text-editor.default\">\n\t\t\t\t<div class=\"elementor-widget-container\">\n\t\t\t\t\t\t\t\t\t<p>Facultad de Humanidades y Educaci\u00f3n ULA<\/p>\t\t\t\t\t\t\t\t<\/div>\n\t\t\t\t<\/div>\n\t\t\t\t<\/div>\n\t\t<div class=\"elementor-element elementor-element-51ebab2 e-con-full e-flex e-con e-child\" data-id=\"51ebab2\" data-element_type=\"container\" data-e-type=\"container\">\n\t\t\t\t<div class=\"elementor-element elementor-element-55f3bad exad-sticky-section-no exad-glass-effect-no elementor-widget elementor-widget-text-editor\" data-id=\"55f3bad\" data-element_type=\"widget\" data-e-type=\"widget\" data-widget_type=\"text-editor.default\">\n\t\t\t\t<div class=\"elementor-widget-container\">\n\t\t\t\t\t\t\t\t\t<p><strong><span style=\"color: #0053a1;\">L\u00edneas de investigaci\u00f3n<\/span><\/strong><\/p>\t\t\t\t\t\t\t\t<\/div>\n\t\t\t\t<\/div>\n\t\t\t\t<div class=\"elementor-element elementor-element-aa91af5 exad-sticky-section-no exad-glass-effect-no elementor-widget elementor-widget-text-editor\" data-id=\"aa91af5\" data-element_type=\"widget\" data-e-type=\"widget\" data-widget_type=\"text-editor.default\">\n\t\t\t\t<div class=\"elementor-widget-container\">\n\t\t\t\t\t\t\t\t\t<p>\u00a0<\/p><p><strong><span style=\"color: #0053a1;\">L\u00edneas de investigaci\u00f3n espec\u00edficas<\/span><\/strong><\/p>\t\t\t\t\t\t\t\t<\/div>\n\t\t\t\t<\/div>\n\t\t\t\t<div class=\"elementor-element elementor-element-ea0a922 exad-sticky-section-no exad-glass-effect-no elementor-widget elementor-widget-text-editor\" data-id=\"ea0a922\" data-element_type=\"widget\" data-e-type=\"widget\" data-widget_type=\"text-editor.default\">\n\t\t\t\t<div class=\"elementor-widget-container\">\n\t\t\t\t\t\t\t\t\t<p>\u00a0<\/p><p>\u00a0<\/p><p>\u00a0<\/p><p><strong><span style=\"color: #0053a1;\">Grupo de investigaci\u00f3n<\/span><\/strong><\/p>\t\t\t\t\t\t\t\t<\/div>\n\t\t\t\t<\/div>\n\t\t\t\t<\/div>\n\t\t<div class=\"elementor-element elementor-element-b99fcbf e-con-full e-flex e-con e-child\" data-id=\"b99fcbf\" data-element_type=\"container\" data-e-type=\"container\">\n\t\t\t\t<div class=\"elementor-element elementor-element-1232e88 exad-sticky-section-no exad-glass-effect-no elementor-widget elementor-widget-text-editor\" data-id=\"1232e88\" data-element_type=\"widget\" data-e-type=\"widget\" data-widget_type=\"text-editor.default\">\n\t\t\t\t<div class=\"elementor-widget-container\">\n\t\t\t\t\t\t\t\t\t<p>Humanidades y Educaci\u00f3n.<\/p>\t\t\t\t\t\t\t\t<\/div>\n\t\t\t\t<\/div>\n\t\t\t\t<div class=\"elementor-element elementor-element-bb38b16 exad-sticky-section-no exad-glass-effect-no elementor-widget elementor-widget-text-editor\" data-id=\"bb38b16\" data-element_type=\"widget\" data-e-type=\"widget\" data-widget_type=\"text-editor.default\">\n\t\t\t\t<div class=\"elementor-widget-container\">\n\t\t\t\t\t\t\t\t\t<p>\u00a0<\/p><p>Curr\u00edculo, administraci\u00f3n educativa, pol\u00edticas p\u00fablicas educativas, educaci\u00f3n y<br \/>complejidad, educaci\u00f3n y desarrollo humano.<\/p>\t\t\t\t\t\t\t\t<\/div>\n\t\t\t\t<\/div>\n\t\t\t\t<div class=\"elementor-element elementor-element-f98386f exad-sticky-section-no exad-glass-effect-no elementor-widget elementor-widget-text-editor\" data-id=\"f98386f\" data-element_type=\"widget\" data-e-type=\"widget\" data-widget_type=\"text-editor.default\">\n\t\t\t\t<div class=\"elementor-widget-container\">\n\t\t\t\t\t\t\t\t\t<p>\u00a0<span style=\"color: #0053a1;\">Miembro Programa Est\u00edmulo al Investigador Observatorio Nacional<br \/>Ciencia, Tecnolog\u00eda e Innovaci\u00f3n\u00a0<\/span><\/p>\t\t\t\t\t\t\t\t<\/div>\n\t\t\t\t<\/div>\n\t\t\t\t<\/div>\n\t\t\t\t\t<\/div>\n\t\t\t\t<\/div>\n\t\t\t\t<\/div>\n\t\t<div id=\"e-n-tab-content-914047533\" role=\"tabpanel\" aria-labelledby=\"e-n-tab-title-914047533\" data-tab-index=\"3\" style=\"--n-tabs-title-order: 3;\" class=\" elementor-element elementor-element-1e3f56b e-con-full e-flex e-con e-child\" data-id=\"1e3f56b\" data-element_type=\"container\" data-e-type=\"container\">\n\t\t<div class=\"elementor-element elementor-element-4b81735 e-flex e-con-boxed e-con e-child\" data-id=\"4b81735\" data-element_type=\"container\" data-e-type=\"container\">\n\t\t\t\t\t<div class=\"e-con-inner\">\n\t\t\t\t<div class=\"elementor-element elementor-element-26413ae exad-sticky-section-no exad-glass-effect-no elementor-widget elementor-widget-text-editor\" data-id=\"26413ae\" data-element_type=\"widget\" data-e-type=\"widget\" data-widget_type=\"text-editor.default\">\n\t\t\t\t<div class=\"elementor-widget-container\">\n\t\t\t\t\t\t\t\t\t<ul><li>Decana encargada de la Facultad de Humanidades y<br \/>Educaci\u00f3n, Universidad de Los Andes, Venezuela<br \/>(Octubre 2021- marzo 2022). <\/li><li>Directora de la Escuela de Educaci\u00f3n Facultad de<br \/>Humanidades y Educaci\u00f3n.<\/li><li>Profesora Adscrita al Departamento de<br \/>Administraci\u00f3n Educacional de la Facultad de Humanidades y Educaci\u00f3n ULA,<br \/>Categor\u00eda Titular.<\/li><li>En funciones de Docencia ha impartido cursos de pregrado en el<br \/>\u00e1mbito de Curr\u00edculo de la Educaci\u00f3n, Investigaci\u00f3n cuali-cuantitativa, Did\u00e1ctica,<br \/>Epistemolog\u00eda Procesos de Ense\u00f1anza-Aprendizaje, Educaci\u00f3n en Valores,<br \/>Administraci\u00f3n Educacional, Evaluaci\u00f3n Institucional.<\/li><li>Profesora de Metodolog\u00eda en el Seminario Arquidiocesano San Buenaventura, M\u00e9rida-Venezuela.<\/li><li>En Postgrado ha impartido seminarios en la Especializaci\u00f3n en Administraci\u00f3n Educacional<br \/>(Universidad de Los Andes)<\/li><li>Maestr\u00eda en Tecnolog\u00eda Educativa (Universidad de las<br \/>Fuerzas Armadas UNEFA)<\/li><li>Maestr\u00eda Gerencia Recursos Humanos, (UNEFA),<br \/>Especializaci\u00f3n en Educaci\u00f3n para la Gesti\u00f3n Comunitaria (Universidad Nacional<br \/>Pedag\u00f3gica Experimental Libertador UPEL),<\/li><li>Maestr\u00eda en Gerencia Educativa, (UPEL),<\/li><li>Maestr\u00eda en Evaluaci\u00f3n Educativa (ULA).<\/li><\/ul>\t\t\t\t\t\t\t\t<\/div>\n\t\t\t\t<\/div>\n\t\t\t\t\t<\/div>\n\t\t\t\t<\/div>\n\t\t\t\t<\/div>\n\t\t<div id=\"e-n-tab-content-914047534\" role=\"tabpanel\" aria-labelledby=\"e-n-tab-title-914047534\" data-tab-index=\"4\" style=\"--n-tabs-title-order: 4;\" class=\" elementor-element elementor-element-2c2ca88 e-con-full e-flex e-con e-child\" data-id=\"2c2ca88\" data-element_type=\"container\" data-e-type=\"container\">\n\t\t<div class=\"elementor-element elementor-element-1d07762 e-flex e-con-boxed e-con e-child\" data-id=\"1d07762\" data-element_type=\"container\" data-e-type=\"container\">\n\t\t\t\t\t<div class=\"e-con-inner\">\n\t\t\t\t<div class=\"elementor-element elementor-element-01b8cb0 exad-sticky-section-no exad-glass-effect-no elementor-widget elementor-widget-video\" data-id=\"01b8cb0\" data-element_type=\"widget\" data-e-type=\"widget\" data-settings=\"{&quot;video_type&quot;:&quot;hosted&quot;,&quot;controls&quot;:&quot;yes&quot;}\" data-widget_type=\"video.default\">\n\t\t\t\t<div class=\"elementor-widget-container\">\n\t\t\t\t\t\t\t<div class=\"e-hosted-video elementor-wrapper elementor-open-inline\">\n\t\t\t\t\t<video class=\"elementor-video\" src=\"https:\/\/ctica.ula.ve\/observatorio\/wp-content\/uploads\/2025\/05\/Lilian-A.-Micro-para-Observatorio.mp4\" controls=\"\" preload=\"metadata\" controlsList=\"nodownload\"><\/video>\n\t\t\t\t<\/div>\n\t\t\t\t\t\t<\/div>\n\t\t\t\t<\/div>\n\t\t\t\t\t<\/div>\n\t\t\t\t<\/div>\n\t\t\t\t<\/div>\n\t\t\t\t\t<\/div>\n\t\t<\/div>\n\t\t\t\t\t\t<\/div>\n\t\t\t\t<\/div>\n\t\t\t\t<\/div>\n\t\t\t\t<\/div>\n\t\t\t\t<\/div>\n\t\t\t\t<\/div>\n\t\t","protected":false},"excerpt":{"rendered":"<p>Datos Personales Datos Acad\u00e9micos Datos Profesionales \u00c1reas de Innovaci\u00f3n Nombres Apellidos Lilian N. Angulo Correo electr\u00f3nico\u00a0 Ocupaci\u00f3n actual liliannayiveangulo@gmail.com Profesora Adscrita al Departamento deAdministraci\u00f3n Educacional de la Facultad de Humanidades y Educaci\u00f3n ULA Nivel acad\u00e9mico Facultad, n\u00facleo o dependencia Doctor Facultad de Humanidades y Educaci\u00f3n ULA L\u00edneas de investigaci\u00f3n \u00a0 L\u00edneas de investigaci\u00f3n espec\u00edficas \u00a0 [&hellip;]<\/p>\n","protected":false},"author":3,"featured_media":0,"parent":0,"menu_order":0,"comment_status":"closed","ping_status":"closed","template":"","meta":{"footnotes":""},"class_list":["post-5623","page","type-page","status-publish","hentry"],"_links":{"self":[{"href":"https:\/\/ctica.ula.ve\/observatorio\/wp-json\/wp\/v2\/pages\/5623","targetHints":{"allow":["GET"]}}],"collection":[{"href":"https:\/\/ctica.ula.ve\/observatorio\/wp-json\/wp\/v2\/pages"}],"about":[{"href":"https:\/\/ctica.ula.ve\/observatorio\/wp-json\/wp\/v2\/types\/page"}],"author":[{"embeddable":true,"href":"https:\/\/ctica.ula.ve\/observatorio\/wp-json\/wp\/v2\/users\/3"}],"replies":[{"embeddable":true,"href":"https:\/\/ctica.ula.ve\/observatorio\/wp-json\/wp\/v2\/comments?post=5623"}],"version-history":[{"count":62,"href":"https:\/\/ctica.ula.ve\/observatorio\/wp-json\/wp\/v2\/pages\/5623\/revisions"}],"predecessor-version":[{"id":9263,"href":"https:\/\/ctica.ula.ve\/observatorio\/wp-json\/wp\/v2\/pages\/5623\/revisions\/9263"}],"wp:attachment":[{"href":"https:\/\/ctica.ula.ve\/observatorio\/wp-json\/wp\/v2\/media?parent=5623"}],"curies":[{"name":"wp","href":"https:\/\/api.w.org\/{rel}","templated":true}]}}