{"id":5501,"date":"2025-05-06T17:00:54","date_gmt":"2025-05-06T21:00:54","guid":{"rendered":"https:\/\/ctica.ula.ve\/observatorio\/?page_id=5501"},"modified":"2026-04-20T09:17:52","modified_gmt":"2026-04-20T13:17:52","slug":"investigadores-2","status":"publish","type":"page","link":"https:\/\/ctica.ula.ve\/observatorio\/investigadores-2\/","title":{"rendered":"Nuestros Innovadores"},"content":{"rendered":"\t\t<div data-elementor-type=\"wp-page\" data-elementor-id=\"5501\" class=\"elementor elementor-5501\" data-elementor-post-type=\"page\">\n\t\t\t\t<div class=\"elementor-element elementor-element-9c3bd7a e-flex e-con-boxed e-con e-parent\" data-id=\"9c3bd7a\" data-element_type=\"container\" data-e-type=\"container\">\n\t\t\t\t\t<div class=\"e-con-inner\">\n\t\t\t\t<div class=\"elementor-element elementor-element-c65e22f exad-sticky-section-no exad-glass-effect-no elementor-widget elementor-widget-image\" data-id=\"c65e22f\" data-element_type=\"widget\" data-e-type=\"widget\" data-widget_type=\"image.default\">\n\t\t\t\t<div class=\"elementor-widget-container\">\n\t\t\t\t\t\t\t\t\t\t\t\t\t\t\t<img fetchpriority=\"high\" decoding=\"async\" width=\"2560\" height=\"215\" src=\"https:\/\/ctica.ula.ve\/observatorio\/wp-content\/uploads\/2026\/04\/1-nuestros-inn-scaled.png\" class=\"attachment-full size-full wp-image-9034\" alt=\"\" srcset=\"https:\/\/ctica.ula.ve\/observatorio\/wp-content\/uploads\/2026\/04\/1-nuestros-inn-scaled.png 2560w, https:\/\/ctica.ula.ve\/observatorio\/wp-content\/uploads\/2026\/04\/1-nuestros-inn-300x25.png 300w, https:\/\/ctica.ula.ve\/observatorio\/wp-content\/uploads\/2026\/04\/1-nuestros-inn-1024x86.png 1024w, https:\/\/ctica.ula.ve\/observatorio\/wp-content\/uploads\/2026\/04\/1-nuestros-inn-768x65.png 768w, https:\/\/ctica.ula.ve\/observatorio\/wp-content\/uploads\/2026\/04\/1-nuestros-inn-1536x129.png 1536w, https:\/\/ctica.ula.ve\/observatorio\/wp-content\/uploads\/2026\/04\/1-nuestros-inn-2048x172.png 2048w\" sizes=\"(max-width: 2560px) 100vw, 2560px\" \/>\t\t\t\t\t\t\t\t\t\t\t\t\t\t\t<\/div>\n\t\t\t\t<\/div>\n\t\t\t\t\t<\/div>\n\t\t\t\t<\/div>\n\t\t<div class=\"elementor-element elementor-element-6478c83 e-flex e-con-boxed e-con e-parent\" data-id=\"6478c83\" data-element_type=\"container\" data-e-type=\"container\">\n\t\t\t\t\t<div class=\"e-con-inner\">\n\t\t\t\t<div class=\"elementor-element elementor-element-685936c exad-sticky-section-no exad-glass-effect-no elementor-widget elementor-widget-spacer\" data-id=\"685936c\" data-element_type=\"widget\" data-e-type=\"widget\" data-widget_type=\"spacer.default\">\n\t\t\t\t<div class=\"elementor-widget-container\">\n\t\t\t\t\t\t\t<div class=\"elementor-spacer\">\n\t\t\t<div class=\"elementor-spacer-inner\"><\/div>\n\t\t<\/div>\n\t\t\t\t\t\t<\/div>\n\t\t\t\t<\/div>\n\t\t\t\t\t<\/div>\n\t\t\t\t<\/div>\n\t\t<div class=\"elementor-element elementor-element-04fed7b e-grid e-con-boxed e-con e-parent\" data-id=\"04fed7b\" data-element_type=\"container\" data-e-type=\"container\">\n\t\t\t\t\t<div class=\"e-con-inner\">\n\t\t\t\t<div class=\"elementor-element elementor-element-6df9246 exad-sticky-section-no exad-glass-effect-no elementor-widget elementor-widget-image\" data-id=\"6df9246\" data-element_type=\"widget\" data-e-type=\"widget\" data-widget_type=\"image.default\">\n\t\t\t\t<div class=\"elementor-widget-container\">\n\t\t\t\t\t\t\t\t\t\t\t\t<figure class=\"wp-caption\">\n\t\t\t\t\t\t\t\t\t\t\t<a href=\"https:\/\/ctica.ula.ve\/observatorio\/inicio-2\/dra-patricia-rosenzweig\/\" target=\"_blank\">\n\t\t\t\t\t\t\t<img decoding=\"async\" width=\"300\" height=\"300\" src=\"https:\/\/ctica.ula.ve\/observatorio\/wp-content\/uploads\/2025\/05\/12-1.jpg\" class=\"elementor-animation-grow attachment-medium size-medium wp-image-6293\" alt=\"\" srcset=\"https:\/\/ctica.ula.ve\/observatorio\/wp-content\/uploads\/2025\/05\/12-1.jpg 300w, https:\/\/ctica.ula.ve\/observatorio\/wp-content\/uploads\/2025\/05\/12-1-150x150.jpg 150w, https:\/\/ctica.ula.ve\/observatorio\/wp-content\/uploads\/2025\/05\/12-1-250x250.jpg 250w\" sizes=\"(max-width: 300px) 100vw, 300px\" \/>\t\t\t\t\t\t\t\t<\/a>\n\t\t\t\t\t\t\t\t\t\t\t<figcaption class=\"widget-image-caption wp-caption-text\">Dra. Patricia Rosenzweig<\/figcaption>\n\t\t\t\t\t\t\t\t\t\t<\/figure>\n\t\t\t\t\t\t\t\t\t<\/div>\n\t\t\t\t<\/div>\n\t\t\t\t<div class=\"elementor-element elementor-element-f007392 exad-sticky-section-no exad-glass-effect-no elementor-widget elementor-widget-image\" data-id=\"f007392\" data-element_type=\"widget\" data-e-type=\"widget\" data-widget_type=\"image.default\">\n\t\t\t\t<div class=\"elementor-widget-container\">\n\t\t\t\t\t\t\t\t\t\t\t\t<figure class=\"wp-caption\">\n\t\t\t\t\t\t\t\t\t\t\t<a href=\"https:\/\/ctica.ula.ve\/observatorio\/inicio-2\/jonas-montilva\/\" target=\"_blank\">\n\t\t\t\t\t\t\t<img decoding=\"async\" width=\"300\" height=\"300\" src=\"https:\/\/ctica.ula.ve\/observatorio\/wp-content\/uploads\/2025\/05\/9-3-300x300.jpg\" class=\"elementor-animation-grow attachment-medium size-medium wp-image-6308\" alt=\"\" srcset=\"https:\/\/ctica.ula.ve\/observatorio\/wp-content\/uploads\/2025\/05\/9-3-300x300.jpg 300w, https:\/\/ctica.ula.ve\/observatorio\/wp-content\/uploads\/2025\/05\/9-3-1024x1024.jpg 1024w, https:\/\/ctica.ula.ve\/observatorio\/wp-content\/uploads\/2025\/05\/9-3-150x150.jpg 150w, https:\/\/ctica.ula.ve\/observatorio\/wp-content\/uploads\/2025\/05\/9-3-768x768.jpg 768w, https:\/\/ctica.ula.ve\/observatorio\/wp-content\/uploads\/2025\/05\/9-3-1536x1536.jpg 1536w, https:\/\/ctica.ula.ve\/observatorio\/wp-content\/uploads\/2025\/05\/9-3-2048x2048.jpg 2048w, https:\/\/ctica.ula.ve\/observatorio\/wp-content\/uploads\/2025\/05\/9-3-250x250.jpg 250w\" sizes=\"(max-width: 300px) 100vw, 300px\" \/>\t\t\t\t\t\t\t\t<\/a>\n\t\t\t\t\t\t\t\t\t\t\t<figcaption class=\"widget-image-caption wp-caption-text\">Dr. Jon\u00e1s A. Montilva C.<\/figcaption>\n\t\t\t\t\t\t\t\t\t\t<\/figure>\n\t\t\t\t\t\t\t\t\t<\/div>\n\t\t\t\t<\/div>\n\t\t\t\t<div class=\"elementor-element elementor-element-172767d exad-sticky-section-no exad-glass-effect-no elementor-widget elementor-widget-image\" data-id=\"172767d\" data-element_type=\"widget\" data-e-type=\"widget\" data-widget_type=\"image.default\">\n\t\t\t\t<div class=\"elementor-widget-container\">\n\t\t\t\t\t\t\t\t\t\t\t\t<figure class=\"wp-caption\">\n\t\t\t\t\t\t\t\t\t\t\t<a href=\"https:\/\/ctica.ula.ve\/observatorio\/inicio-2\/dr-juan-cardillo\/\" target=\"_blank\">\n\t\t\t\t\t\t\t<img loading=\"lazy\" decoding=\"async\" width=\"300\" height=\"300\" src=\"https:\/\/ctica.ula.ve\/observatorio\/wp-content\/uploads\/2025\/05\/7-1.jpg\" class=\"elementor-animation-grow attachment-medium size-medium wp-image-5072\" alt=\"\" srcset=\"https:\/\/ctica.ula.ve\/observatorio\/wp-content\/uploads\/2025\/05\/7-1.jpg 300w, https:\/\/ctica.ula.ve\/observatorio\/wp-content\/uploads\/2025\/05\/7-1-150x150.jpg 150w, https:\/\/ctica.ula.ve\/observatorio\/wp-content\/uploads\/2025\/05\/7-1-250x250.jpg 250w\" sizes=\"(max-width: 300px) 100vw, 300px\" \/>\t\t\t\t\t\t\t\t<\/a>\n\t\t\t\t\t\t\t\t\t\t\t<figcaption class=\"widget-image-caption wp-caption-text\">Dr. Juan Cardillo<\/figcaption>\n\t\t\t\t\t\t\t\t\t\t<\/figure>\n\t\t\t\t\t\t\t\t\t<\/div>\n\t\t\t\t<\/div>\n\t\t\t\t<div class=\"elementor-element elementor-element-f22d01e exad-sticky-section-no exad-glass-effect-no elementor-widget elementor-widget-image\" data-id=\"f22d01e\" data-element_type=\"widget\" data-e-type=\"widget\" data-widget_type=\"image.default\">\n\t\t\t\t<div class=\"elementor-widget-container\">\n\t\t\t\t\t\t\t\t\t\t\t\t<figure class=\"wp-caption\">\n\t\t\t\t\t\t\t\t\t\t\t<a href=\"https:\/\/ctica.ula.ve\/observatorio\/inicio-2\/dra-maria-teresa-celis\/\" target=\"_blank\">\n\t\t\t\t\t\t\t<img loading=\"lazy\" decoding=\"async\" width=\"300\" height=\"300\" src=\"https:\/\/ctica.ula.ve\/observatorio\/wp-content\/uploads\/2025\/05\/2.jpg\" class=\"elementor-animation-grow attachment-medium size-medium wp-image-5076\" alt=\"\" srcset=\"https:\/\/ctica.ula.ve\/observatorio\/wp-content\/uploads\/2025\/05\/2.jpg 300w, https:\/\/ctica.ula.ve\/observatorio\/wp-content\/uploads\/2025\/05\/2-150x150.jpg 150w, https:\/\/ctica.ula.ve\/observatorio\/wp-content\/uploads\/2025\/05\/2-250x250.jpg 250w\" sizes=\"(max-width: 300px) 100vw, 300px\" \/>\t\t\t\t\t\t\t\t<\/a>\n\t\t\t\t\t\t\t\t\t\t\t<figcaption class=\"widget-image-caption wp-caption-text\">Dra. Mar\u00eda Teresa Celis<\/figcaption>\n\t\t\t\t\t\t\t\t\t\t<\/figure>\n\t\t\t\t\t\t\t\t\t<\/div>\n\t\t\t\t<\/div>\n\t\t\t\t<div class=\"elementor-element elementor-element-14788a1 exad-sticky-section-no exad-glass-effect-no elementor-widget elementor-widget-image\" data-id=\"14788a1\" data-element_type=\"widget\" data-e-type=\"widget\" data-widget_type=\"image.default\">\n\t\t\t\t<div class=\"elementor-widget-container\">\n\t\t\t\t\t\t\t\t\t\t\t\t<figure class=\"wp-caption\">\n\t\t\t\t\t\t\t\t\t\t\t<a href=\"https:\/\/ctica.ula.ve\/observatorio\/inicio-2\/dra-sandra-l-benitez-u\/\" target=\"_blank\">\n\t\t\t\t\t\t\t<img loading=\"lazy\" decoding=\"async\" width=\"300\" height=\"300\" src=\"https:\/\/ctica.ula.ve\/observatorio\/wp-content\/uploads\/2025\/05\/8-1-300x300.jpg\" class=\"elementor-animation-grow attachment-medium size-medium wp-image-6747\" alt=\"\" srcset=\"https:\/\/ctica.ula.ve\/observatorio\/wp-content\/uploads\/2025\/05\/8-1-300x300.jpg 300w, https:\/\/ctica.ula.ve\/observatorio\/wp-content\/uploads\/2025\/05\/8-1-150x150.jpg 150w, https:\/\/ctica.ula.ve\/observatorio\/wp-content\/uploads\/2025\/05\/8-1-250x250.jpg 250w, https:\/\/ctica.ula.ve\/observatorio\/wp-content\/uploads\/2025\/05\/8-1.jpg 607w\" sizes=\"(max-width: 300px) 100vw, 300px\" \/>\t\t\t\t\t\t\t\t<\/a>\n\t\t\t\t\t\t\t\t\t\t\t<figcaption class=\"widget-image-caption wp-caption-text\">Dra. Sandra L. Ben\u00edtez U.<\/figcaption>\n\t\t\t\t\t\t\t\t\t\t<\/figure>\n\t\t\t\t\t\t\t\t\t<\/div>\n\t\t\t\t<\/div>\n\t\t\t\t<div class=\"elementor-element elementor-element-62007c3 exad-sticky-section-no exad-glass-effect-no elementor-widget elementor-widget-image\" data-id=\"62007c3\" data-element_type=\"widget\" data-e-type=\"widget\" data-widget_type=\"image.default\">\n\t\t\t\t<div class=\"elementor-widget-container\">\n\t\t\t\t\t\t\t\t\t\t\t\t<figure class=\"wp-caption\">\n\t\t\t\t\t\t\t\t\t\t\t<a href=\"https:\/\/ctica.ula.ve\/observatorio\/inicio-2\/dr-marisela-morillo\/\" target=\"_blank\">\n\t\t\t\t\t\t\t<img loading=\"lazy\" decoding=\"async\" width=\"300\" height=\"300\" src=\"https:\/\/ctica.ula.ve\/observatorio\/wp-content\/uploads\/2025\/05\/5.jpg\" class=\"elementor-animation-grow attachment-medium size-medium wp-image-5075\" alt=\"\" srcset=\"https:\/\/ctica.ula.ve\/observatorio\/wp-content\/uploads\/2025\/05\/5.jpg 300w, https:\/\/ctica.ula.ve\/observatorio\/wp-content\/uploads\/2025\/05\/5-150x150.jpg 150w, https:\/\/ctica.ula.ve\/observatorio\/wp-content\/uploads\/2025\/05\/5-250x250.jpg 250w\" sizes=\"(max-width: 300px) 100vw, 300px\" \/>\t\t\t\t\t\t\t\t<\/a>\n\t\t\t\t\t\t\t\t\t\t\t<figcaption class=\"widget-image-caption wp-caption-text\">Dra. Marisela C. Morillo M.<\/figcaption>\n\t\t\t\t\t\t\t\t\t\t<\/figure>\n\t\t\t\t\t\t\t\t\t<\/div>\n\t\t\t\t<\/div>\n\t\t\t\t<div class=\"elementor-element elementor-element-34a3650 exad-sticky-section-no exad-glass-effect-no elementor-widget elementor-widget-image\" data-id=\"34a3650\" data-element_type=\"widget\" data-e-type=\"widget\" data-widget_type=\"image.default\">\n\t\t\t\t<div class=\"elementor-widget-container\">\n\t\t\t\t\t\t\t\t\t\t\t\t<figure class=\"wp-caption\">\n\t\t\t\t\t\t\t\t\t\t\t<a href=\"https:\/\/ctica.ula.ve\/observatorio\/inicio-2\/dra-lilian-n-angulo\/\" target=\"_blank\">\n\t\t\t\t\t\t\t<img loading=\"lazy\" decoding=\"async\" width=\"300\" height=\"300\" src=\"https:\/\/ctica.ula.ve\/observatorio\/wp-content\/uploads\/2025\/05\/11-1-300x300.jpg\" class=\"elementor-animation-grow attachment-medium size-medium wp-image-5376\" alt=\"\" srcset=\"https:\/\/ctica.ula.ve\/observatorio\/wp-content\/uploads\/2025\/05\/11-1-300x300.jpg 300w, https:\/\/ctica.ula.ve\/observatorio\/wp-content\/uploads\/2025\/05\/11-1-150x150.jpg 150w, https:\/\/ctica.ula.ve\/observatorio\/wp-content\/uploads\/2025\/05\/11-1-250x250.jpg 250w, https:\/\/ctica.ula.ve\/observatorio\/wp-content\/uploads\/2025\/05\/11-1.jpg 422w\" sizes=\"(max-width: 300px) 100vw, 300px\" \/>\t\t\t\t\t\t\t\t<\/a>\n\t\t\t\t\t\t\t\t\t\t\t<figcaption class=\"widget-image-caption wp-caption-text\">Dra. Lilian N. Angulo<\/figcaption>\n\t\t\t\t\t\t\t\t\t\t<\/figure>\n\t\t\t\t\t\t\t\t\t<\/div>\n\t\t\t\t<\/div>\n\t\t\t\t<div class=\"elementor-element elementor-element-2cd8b8c exad-sticky-section-no exad-glass-effect-no elementor-widget elementor-widget-image\" data-id=\"2cd8b8c\" data-element_type=\"widget\" data-e-type=\"widget\" data-widget_type=\"image.default\">\n\t\t\t\t<div class=\"elementor-widget-container\">\n\t\t\t\t\t\t\t\t\t\t\t\t<figure class=\"wp-caption\">\n\t\t\t\t\t\t\t\t\t\t\t<a href=\"https:\/\/ctica.ula.ve\/observatorio\/inicio-2\/dra-eysabel-mendez-c\/\" target=\"_blank\">\n\t\t\t\t\t\t\t<img loading=\"lazy\" decoding=\"async\" width=\"300\" height=\"300\" src=\"https:\/\/ctica.ula.ve\/observatorio\/wp-content\/uploads\/2025\/05\/13-300x300.jpg\" class=\"elementor-animation-grow attachment-medium size-medium wp-image-6746\" alt=\"\" srcset=\"https:\/\/ctica.ula.ve\/observatorio\/wp-content\/uploads\/2025\/05\/13-300x300.jpg 300w, https:\/\/ctica.ula.ve\/observatorio\/wp-content\/uploads\/2025\/05\/13-150x150.jpg 150w, https:\/\/ctica.ula.ve\/observatorio\/wp-content\/uploads\/2025\/05\/13-768x768.jpg 768w, https:\/\/ctica.ula.ve\/observatorio\/wp-content\/uploads\/2025\/05\/13-250x250.jpg 250w, https:\/\/ctica.ula.ve\/observatorio\/wp-content\/uploads\/2025\/05\/13.jpg 960w\" sizes=\"(max-width: 300px) 100vw, 300px\" \/>\t\t\t\t\t\t\t\t<\/a>\n\t\t\t\t\t\t\t\t\t\t\t<figcaption class=\"widget-image-caption wp-caption-text\">Dra. Eysabel M\u00e9ndez C.<\/figcaption>\n\t\t\t\t\t\t\t\t\t\t<\/figure>\n\t\t\t\t\t\t\t\t\t<\/div>\n\t\t\t\t<\/div>\n\t\t\t\t<div class=\"elementor-element elementor-element-34f8a75 exad-sticky-section-no exad-glass-effect-no elementor-widget elementor-widget-image\" data-id=\"34f8a75\" data-element_type=\"widget\" data-e-type=\"widget\" data-widget_type=\"image.default\">\n\t\t\t\t<div class=\"elementor-widget-container\">\n\t\t\t\t\t\t\t\t\t\t\t\t<figure class=\"wp-caption\">\n\t\t\t\t\t\t\t\t\t\t\t<a href=\"https:\/\/ctica.ula.ve\/observatorio\/dr-jesus-a-morales-c\/\" target=\"_blank\">\n\t\t\t\t\t\t\t<img loading=\"lazy\" decoding=\"async\" width=\"300\" height=\"300\" src=\"https:\/\/ctica.ula.ve\/observatorio\/wp-content\/uploads\/2025\/05\/4-1.jpg\" class=\"elementor-animation-grow attachment-medium size-medium wp-image-5326\" alt=\"\" srcset=\"https:\/\/ctica.ula.ve\/observatorio\/wp-content\/uploads\/2025\/05\/4-1.jpg 300w, https:\/\/ctica.ula.ve\/observatorio\/wp-content\/uploads\/2025\/05\/4-1-150x150.jpg 150w, https:\/\/ctica.ula.ve\/observatorio\/wp-content\/uploads\/2025\/05\/4-1-250x250.jpg 250w\" sizes=\"(max-width: 300px) 100vw, 300px\" \/>\t\t\t\t\t\t\t\t<\/a>\n\t\t\t\t\t\t\t\t\t\t\t<figcaption class=\"widget-image-caption wp-caption-text\">Dr. Jes\u00fas Morales<\/figcaption>\n\t\t\t\t\t\t\t\t\t\t<\/figure>\n\t\t\t\t\t\t\t\t\t<\/div>\n\t\t\t\t<\/div>\n\t\t\t\t<div class=\"elementor-element elementor-element-1243442 exad-sticky-section-no exad-glass-effect-no elementor-widget elementor-widget-image\" data-id=\"1243442\" data-element_type=\"widget\" data-e-type=\"widget\" data-widget_type=\"image.default\">\n\t\t\t\t<div class=\"elementor-widget-container\">\n\t\t\t\t\t\t\t\t\t\t\t\t<figure class=\"wp-caption\">\n\t\t\t\t\t\t\t\t\t\t\t<a href=\"https:\/\/ctica.ula.ve\/observatorio\/inicio-2\/dr-tulio-j-nunez-m-2\/\" target=\"_blank\">\n\t\t\t\t\t\t\t<img loading=\"lazy\" decoding=\"async\" width=\"300\" height=\"300\" src=\"https:\/\/ctica.ula.ve\/observatorio\/wp-content\/uploads\/2025\/05\/7.jpg\" class=\"elementor-animation-grow attachment-medium size-medium wp-image-5079\" alt=\"\" srcset=\"https:\/\/ctica.ula.ve\/observatorio\/wp-content\/uploads\/2025\/05\/7.jpg 300w, https:\/\/ctica.ula.ve\/observatorio\/wp-content\/uploads\/2025\/05\/7-150x150.jpg 150w, https:\/\/ctica.ula.ve\/observatorio\/wp-content\/uploads\/2025\/05\/7-250x250.jpg 250w\" sizes=\"(max-width: 300px) 100vw, 300px\" \/>\t\t\t\t\t\t\t\t<\/a>\n\t\t\t\t\t\t\t\t\t\t\t<figcaption class=\"widget-image-caption wp-caption-text\">Dr. Tulio J. N\u00fa\u00f1ez M.<\/figcaption>\n\t\t\t\t\t\t\t\t\t\t<\/figure>\n\t\t\t\t\t\t\t\t\t<\/div>\n\t\t\t\t<\/div>\n\t\t\t\t<div class=\"elementor-element elementor-element-0e87ceb exad-sticky-section-no exad-glass-effect-no elementor-widget elementor-widget-image\" data-id=\"0e87ceb\" data-element_type=\"widget\" data-e-type=\"widget\" data-widget_type=\"image.default\">\n\t\t\t\t<div class=\"elementor-widget-container\">\n\t\t\t\t\t\t\t\t\t\t\t\t<figure class=\"wp-caption\">\n\t\t\t\t\t\t\t\t\t\t\t<a href=\"https:\/\/ctica.ula.ve\/observatorio\/dr-simon-w-perez-m\/\" target=\"_blank\">\n\t\t\t\t\t\t\t<img loading=\"lazy\" decoding=\"async\" width=\"300\" height=\"300\" src=\"https:\/\/ctica.ula.ve\/observatorio\/wp-content\/uploads\/2025\/05\/3-1.jpg\" class=\"elementor-animation-grow attachment-medium size-medium wp-image-6292\" alt=\"\" srcset=\"https:\/\/ctica.ula.ve\/observatorio\/wp-content\/uploads\/2025\/05\/3-1.jpg 300w, https:\/\/ctica.ula.ve\/observatorio\/wp-content\/uploads\/2025\/05\/3-1-150x150.jpg 150w, https:\/\/ctica.ula.ve\/observatorio\/wp-content\/uploads\/2025\/05\/3-1-250x250.jpg 250w\" sizes=\"(max-width: 300px) 100vw, 300px\" \/>\t\t\t\t\t\t\t\t<\/a>\n\t\t\t\t\t\t\t\t\t\t\t<figcaption class=\"widget-image-caption wp-caption-text\">Dr. Sim\u00f3n V. P\u00e9rez M.<\/figcaption>\n\t\t\t\t\t\t\t\t\t\t<\/figure>\n\t\t\t\t\t\t\t\t\t<\/div>\n\t\t\t\t<\/div>\n\t\t\t\t<div class=\"elementor-element elementor-element-36f7636 exad-sticky-section-no exad-glass-effect-no elementor-widget elementor-widget-image\" data-id=\"36f7636\" data-element_type=\"widget\" data-e-type=\"widget\" data-widget_type=\"image.default\">\n\t\t\t\t<div class=\"elementor-widget-container\">\n\t\t\t\t\t\t\t\t\t\t\t\t<figure class=\"wp-caption\">\n\t\t\t\t\t\t\t\t\t\t\t<a href=\"https:\/\/ctica.ula.ve\/observatorio\/ing-leonel-vivas\/\" target=\"_blank\">\n\t\t\t\t\t\t\t<img loading=\"lazy\" decoding=\"async\" width=\"300\" height=\"300\" src=\"https:\/\/ctica.ula.ve\/observatorio\/wp-content\/uploads\/2025\/05\/1.jpg\" class=\"elementor-animation-grow attachment-medium size-medium wp-image-5078\" alt=\"\" srcset=\"https:\/\/ctica.ula.ve\/observatorio\/wp-content\/uploads\/2025\/05\/1.jpg 300w, https:\/\/ctica.ula.ve\/observatorio\/wp-content\/uploads\/2025\/05\/1-150x150.jpg 150w, https:\/\/ctica.ula.ve\/observatorio\/wp-content\/uploads\/2025\/05\/1-250x250.jpg 250w\" sizes=\"(max-width: 300px) 100vw, 300px\" \/>\t\t\t\t\t\t\t\t<\/a>\n\t\t\t\t\t\t\t\t\t\t\t<figcaption class=\"widget-image-caption wp-caption-text\">Ing. Leonel Vivas<\/figcaption>\n\t\t\t\t\t\t\t\t\t\t<\/figure>\n\t\t\t\t\t\t\t\t\t<\/div>\n\t\t\t\t<\/div>\n\t\t\t\t<div class=\"elementor-element elementor-element-8019fdc exad-sticky-section-no exad-glass-effect-no elementor-widget elementor-widget-image\" data-id=\"8019fdc\" data-element_type=\"widget\" data-e-type=\"widget\" data-widget_type=\"image.default\">\n\t\t\t\t<div class=\"elementor-widget-container\">\n\t\t\t\t\t\t\t\t\t\t\t\t<figure class=\"wp-caption\">\n\t\t\t\t\t\t\t\t\t\t\t<a href=\"https:\/\/ctica.ula.ve\/observatorio\/prof-edinson-rangel\/\" target=\"_blank\">\n\t\t\t\t\t\t\t<img loading=\"lazy\" decoding=\"async\" width=\"300\" height=\"300\" src=\"https:\/\/ctica.ula.ve\/observatorio\/wp-content\/uploads\/2025\/06\/14.jpg\" class=\"elementor-animation-grow attachment-medium size-medium wp-image-7921\" alt=\"\" srcset=\"https:\/\/ctica.ula.ve\/observatorio\/wp-content\/uploads\/2025\/06\/14.jpg 300w, https:\/\/ctica.ula.ve\/observatorio\/wp-content\/uploads\/2025\/06\/14-150x150.jpg 150w, https:\/\/ctica.ula.ve\/observatorio\/wp-content\/uploads\/2025\/06\/14-250x250.jpg 250w\" sizes=\"(max-width: 300px) 100vw, 300px\" \/>\t\t\t\t\t\t\t\t<\/a>\n\t\t\t\t\t\t\t\t\t\t\t<figcaption class=\"widget-image-caption wp-caption-text\">Prof. Edinson S. Rangel R.<\/figcaption>\n\t\t\t\t\t\t\t\t\t\t<\/figure>\n\t\t\t\t\t\t\t\t\t<\/div>\n\t\t\t\t<\/div>\n\t\t\t\t<div class=\"elementor-element elementor-element-ceaffdc exad-sticky-section-no exad-glass-effect-no elementor-widget elementor-widget-image\" data-id=\"ceaffdc\" data-element_type=\"widget\" data-e-type=\"widget\" data-widget_type=\"image.default\">\n\t\t\t\t<div class=\"elementor-widget-container\">\n\t\t\t\t\t\t\t\t\t\t\t\t<figure class=\"wp-caption\">\n\t\t\t\t\t\t\t\t\t\t\t<a href=\"https:\/\/ctica.ula.ve\/observatorio\/dra-maria-villasmil\/\" target=\"_blank\">\n\t\t\t\t\t\t\t<img loading=\"lazy\" decoding=\"async\" width=\"300\" height=\"300\" src=\"https:\/\/ctica.ula.ve\/observatorio\/wp-content\/uploads\/2025\/06\/15-300x300.jpg\" class=\"elementor-animation-grow attachment-medium size-medium wp-image-7926\" alt=\"\" srcset=\"https:\/\/ctica.ula.ve\/observatorio\/wp-content\/uploads\/2025\/06\/15-300x300.jpg 300w, https:\/\/ctica.ula.ve\/observatorio\/wp-content\/uploads\/2025\/06\/15-150x150.jpg 150w, https:\/\/ctica.ula.ve\/observatorio\/wp-content\/uploads\/2025\/06\/15-768x768.jpg 768w, https:\/\/ctica.ula.ve\/observatorio\/wp-content\/uploads\/2025\/06\/15-250x250.jpg 250w, https:\/\/ctica.ula.ve\/observatorio\/wp-content\/uploads\/2025\/06\/15.jpg 782w\" sizes=\"(max-width: 300px) 100vw, 300px\" \/>\t\t\t\t\t\t\t\t<\/a>\n\t\t\t\t\t\t\t\t\t\t\t<figcaption class=\"widget-image-caption wp-caption-text\">Dra. Mar\u00eda A. Villasmil R.<\/figcaption>\n\t\t\t\t\t\t\t\t\t\t<\/figure>\n\t\t\t\t\t\t\t\t\t<\/div>\n\t\t\t\t<\/div>\n\t\t\t\t\t<\/div>\n\t\t\t\t<\/div>\n\t\t\t\t<\/div>\n\t\t","protected":false},"excerpt":{"rendered":"<p>Dra. Patricia Rosenzweig Dr. Jon\u00e1s A. Montilva C. Dr. Juan Cardillo Dra. Mar\u00eda Teresa Celis Dra. Sandra L. Ben\u00edtez U. Dra. Marisela C. Morillo M. Dra. Lilian N. Angulo Dra. Eysabel M\u00e9ndez C. Dr. Jes\u00fas Morales Dr. Tulio J. N\u00fa\u00f1ez M. Dr. Sim\u00f3n V. P\u00e9rez M. Ing. Leonel Vivas Prof. Edinson S. Rangel R. Dra. [&hellip;]<\/p>\n","protected":false},"author":3,"featured_media":0,"parent":0,"menu_order":0,"comment_status":"closed","ping_status":"closed","template":"","meta":{"footnotes":""},"class_list":["post-5501","page","type-page","status-publish","hentry"],"_links":{"self":[{"href":"https:\/\/ctica.ula.ve\/observatorio\/wp-json\/wp\/v2\/pages\/5501","targetHints":{"allow":["GET"]}}],"collection":[{"href":"https:\/\/ctica.ula.ve\/observatorio\/wp-json\/wp\/v2\/pages"}],"about":[{"href":"https:\/\/ctica.ula.ve\/observatorio\/wp-json\/wp\/v2\/types\/page"}],"author":[{"embeddable":true,"href":"https:\/\/ctica.ula.ve\/observatorio\/wp-json\/wp\/v2\/users\/3"}],"replies":[{"embeddable":true,"href":"https:\/\/ctica.ula.ve\/observatorio\/wp-json\/wp\/v2\/comments?post=5501"}],"version-history":[{"count":229,"href":"https:\/\/ctica.ula.ve\/observatorio\/wp-json\/wp\/v2\/pages\/5501\/revisions"}],"predecessor-version":[{"id":9302,"href":"https:\/\/ctica.ula.ve\/observatorio\/wp-json\/wp\/v2\/pages\/5501\/revisions\/9302"}],"wp:attachment":[{"href":"https:\/\/ctica.ula.ve\/observatorio\/wp-json\/wp\/v2\/media?parent=5501"}],"curies":[{"name":"wp","href":"https:\/\/api.w.org\/{rel}","templated":true}]}}