{"id":2962,"date":"2025-04-14T17:26:50","date_gmt":"2025-04-14T21:26:50","guid":{"rendered":"https:\/\/ctica.ula.ve\/observatorio\/?page_id=2962"},"modified":"2025-05-15T15:16:58","modified_gmt":"2025-05-15T19:16:58","slug":"sigue-a-expertos","status":"publish","type":"page","link":"https:\/\/ctica.ula.ve\/observatorio\/sigue-a-expertos\/","title":{"rendered":"Sigue a Expertos"},"content":{"rendered":"\t\t<div data-elementor-type=\"wp-page\" data-elementor-id=\"2962\" class=\"elementor elementor-2962\" data-elementor-post-type=\"page\">\n\t\t\t\t<div class=\"elementor-element elementor-element-26f416c e-flex e-con-boxed e-con e-parent\" data-id=\"26f416c\" data-element_type=\"container\" data-e-type=\"container\">\n\t\t\t\t\t<div class=\"e-con-inner\">\n\t\t<div class=\"elementor-element elementor-element-0e21243 e-con-full e-flex e-con e-child\" data-id=\"0e21243\" data-element_type=\"container\" data-e-type=\"container\">\n\t\t<div class=\"elementor-element elementor-element-2ae009e e-flex e-con-boxed e-con e-child\" data-id=\"2ae009e\" data-element_type=\"container\" data-e-type=\"container\">\n\t\t\t\t\t<div class=\"e-con-inner\">\n\t\t\t\t<div class=\"elementor-element elementor-element-759ee52 exad-sticky-section-no exad-glass-effect-no elementor-widget elementor-widget-blogmentor_blog_posts\" data-id=\"759ee52\" data-element_type=\"widget\" data-e-type=\"widget\" data-widget_type=\"blogmentor_blog_posts.default\">\n\t\t\t\t<div class=\"elementor-widget-container\">\n\t\t\t\t\t\t\t\n\t\t\t\t<script>\n\tjQuery(function($) {\n    \/\/ init Masonry\n    var $grid = $('.bm-masonry-grid').masonry({\n        \/\/ options\n        itemSelector: '.bm-masonry-item',\n       \n    });\n    \/\/ layout Masonry after each image loads\n    $grid.imagesLoaded().progress( function() {\n        $grid.masonry('layout');\n    });\n});\n<\/script>\n\n<div class=\"bm-masonry-style-1\">\n\t<div class=\"bm-masonry-grid\">\n\t\t\t\t<div class=\"bm-masonry-item bm_content_box\">\n\t\t\t\t<div class=\"bm-post-image clearfix bm-hover-effect bm-hover-effect-blur\">\n\t\t\t\t<img fetchpriority=\"high\" decoding=\"async\" width=\"225\" height=\"225\" src=\"https:\/\/ctica.ula.ve\/observatorio\/wp-content\/uploads\/2024\/03\/monterrey.png\" class=\"attachment-bm-post-thumb size-bm-post-thumb wp-post-image\" alt=\"\" srcset=\"https:\/\/ctica.ula.ve\/observatorio\/wp-content\/uploads\/2024\/03\/monterrey.png 225w, https:\/\/ctica.ula.ve\/observatorio\/wp-content\/uploads\/2024\/03\/monterrey-150x150.png 150w\" sizes=\"(max-width: 225px) 100vw, 225px\" \/>\t\t\t\t<\/div>\n\t\t\t\t\t\t\t\t<div class=\"bm-masonry-wrapper\">\n\t\t\t\t\t<div class=\"bm-masonry-title\">\n\t\t\t\t\t<h4 class=\"bm_title\"><a href=\"https:\/\/ctica.ula.ve\/observatorio\/3140-2\/\" rel=\"bookmark\">Suscr\u00edbete al Reporte Semanal<\/a><\/h4>\t\t\t\t\t<\/div>\n\t\t\t\t\t<div class=\"bm-masonry-desc bm_content\">\n\t\t\t\t\tSuscr\u00edbete al Reporte Semanal Recibe en tu bandeja de entrada una dosis semanal de<a href=\"https:\/\/ctica.ula.ve\/observatorio\/3140-2\/\" rel=\"bookmark\" class=\"bm-read-more entry-read-more\">Leer m\u00e1s \u00bb<\/a>\t\t\t\t\t<\/div>\n\t\t\t\t\t<div class=\"bm-masonry-meta bm_meta\">\n\t\t\t\t\t<span class=\"posted-on\"><i class=\"fa fa-clock\" aria-hidden=\"true\"><\/i><a href=\"https:\/\/ctica.ula.ve\/observatorio\/3140-2\/\" rel=\"bookmark\">marzo 21, 2024<\/a><\/span><span class=\"comments-link\"><i class=\"fa fa-comments\" aria-hidden=\"true\"><\/i>0<\/span>\t\t\t\t\t<\/div>\n\t\t\t\t<\/div>\n\t\t\t\t\t\t<\/div>\n\t\t\t\t<div class=\"bm-masonry-item bm_content_box\">\n\t\t\t\t<div class=\"bm-post-image clearfix bm-hover-effect bm-hover-effect-blur\">\n\t\t\t\t<img decoding=\"async\" width=\"250\" height=\"250\" src=\"https:\/\/ctica.ula.ve\/observatorio\/wp-content\/uploads\/2024\/03\/oscar-martin-2-250x250.jpg\" class=\"attachment-bm-post-thumb size-bm-post-thumb wp-post-image\" alt=\"\" srcset=\"https:\/\/ctica.ula.ve\/observatorio\/wp-content\/uploads\/2024\/03\/oscar-martin-2-250x250.jpg 250w, https:\/\/ctica.ula.ve\/observatorio\/wp-content\/uploads\/2024\/03\/oscar-martin-2-300x300.jpg 300w, https:\/\/ctica.ula.ve\/observatorio\/wp-content\/uploads\/2024\/03\/oscar-martin-2-150x150.jpg 150w, https:\/\/ctica.ula.ve\/observatorio\/wp-content\/uploads\/2024\/03\/oscar-martin-2-270x270.jpg 270w, https:\/\/ctica.ula.ve\/observatorio\/wp-content\/uploads\/2024\/03\/oscar-martin-2-230x230.jpg 230w, https:\/\/ctica.ula.ve\/observatorio\/wp-content\/uploads\/2024\/03\/oscar-martin-2.jpg 400w\" sizes=\"(max-width: 250px) 100vw, 250px\" \/>\t\t\t\t<\/div>\n\t\t\t\t\t\t\t\t<div class=\"bm-masonry-wrapper\">\n\t\t\t\t\t<div class=\"bm-masonry-title\">\n\t\t\t\t\t<h4 class=\"bm_title\"><a href=\"https:\/\/ctica.ula.ve\/observatorio\/como-usar-la-tecnologia-para-mejorar-el-aprendizaje\/\" rel=\"bookmark\">C\u00f3mo usar la tecnolog\u00eda para mejorar el aprendizaje.<\/a><\/h4>\t\t\t\t\t<\/div>\n\t\t\t\t\t<div class=\"bm-masonry-desc bm_content\">\n\t\t\t\t\thttps:\/\/www.youtube.com\/watch?v=XTRCR0izctk\t\t\t\t\t<\/div>\n\t\t\t\t\t<div class=\"bm-masonry-meta bm_meta\">\n\t\t\t\t\t<span class=\"posted-on\"><i class=\"fa fa-clock\" aria-hidden=\"true\"><\/i><a href=\"https:\/\/ctica.ula.ve\/observatorio\/como-usar-la-tecnologia-para-mejorar-el-aprendizaje\/\" rel=\"bookmark\">marzo 15, 2024<\/a><\/span><span class=\"comments-link\"><i class=\"fa fa-comments\" aria-hidden=\"true\"><\/i>0<\/span>\t\t\t\t\t<\/div>\n\t\t\t\t<\/div>\n\t\t\t\t\t\t<\/div>\n\t\t\t\t<div class=\"bm-masonry-item bm_content_box\">\n\t\t\t\t<div class=\"bm-post-image clearfix bm-hover-effect bm-hover-effect-blur\">\n\t\t\t\t<img decoding=\"async\" width=\"250\" height=\"250\" src=\"https:\/\/ctica.ula.ve\/observatorio\/wp-content\/uploads\/2024\/03\/robor-ordenador-inteligencia-artificial-250x250.jpg\" class=\"attachment-bm-post-thumb size-bm-post-thumb wp-post-image\" alt=\"\" srcset=\"https:\/\/ctica.ula.ve\/observatorio\/wp-content\/uploads\/2024\/03\/robor-ordenador-inteligencia-artificial-250x250.jpg 250w, https:\/\/ctica.ula.ve\/observatorio\/wp-content\/uploads\/2024\/03\/robor-ordenador-inteligencia-artificial-150x150.jpg 150w, https:\/\/ctica.ula.ve\/observatorio\/wp-content\/uploads\/2024\/03\/robor-ordenador-inteligencia-artificial-270x270.jpg 270w, https:\/\/ctica.ula.ve\/observatorio\/wp-content\/uploads\/2024\/03\/robor-ordenador-inteligencia-artificial-230x230.jpg 230w\" sizes=\"(max-width: 250px) 100vw, 250px\" \/>\t\t\t\t<\/div>\n\t\t\t\t\t\t\t\t<div class=\"bm-masonry-wrapper\">\n\t\t\t\t\t<div class=\"bm-masonry-title\">\n\t\t\t\t\t<h4 class=\"bm_title\"><a href=\"https:\/\/ctica.ula.ve\/observatorio\/la-ia-representa-un-nivel-de-extincion-para-la-humanidad\/\" rel=\"bookmark\">\u00bfLA IA representa un \u201cnivel de extinci\u00f3n\u201d para la humanidad?<\/a><\/h4>\t\t\t\t\t<\/div>\n\t\t\t\t\t<div class=\"bm-masonry-desc bm_content\">\n\t\t\t\t\thttps:\/\/www.youtube.com\/watch?v=NJGQ_M9H8hc\t\t\t\t\t<\/div>\n\t\t\t\t\t<div class=\"bm-masonry-meta bm_meta\">\n\t\t\t\t\t<span class=\"posted-on\"><i class=\"fa fa-clock\" aria-hidden=\"true\"><\/i><a href=\"https:\/\/ctica.ula.ve\/observatorio\/la-ia-representa-un-nivel-de-extincion-para-la-humanidad\/\" rel=\"bookmark\">marzo 15, 2024<\/a><\/span><span class=\"comments-link\"><i class=\"fa fa-comments\" aria-hidden=\"true\"><\/i>0<\/span>\t\t\t\t\t<\/div>\n\t\t\t\t<\/div>\n\t\t\t\t\t\t<\/div>\n\t\t\t\t<div class=\"bm-masonry-item bm_content_box\">\n\t\t\t\t<div class=\"bm-post-image clearfix bm-hover-effect bm-hover-effect-blur\">\n\t\t\t\t<img loading=\"lazy\" decoding=\"async\" width=\"250\" height=\"168\" src=\"https:\/\/ctica.ula.ve\/observatorio\/wp-content\/uploads\/2024\/03\/futuro-tecnologia-250x168.png\" class=\"attachment-bm-post-thumb size-bm-post-thumb wp-post-image\" alt=\"\" \/>\t\t\t\t<\/div>\n\t\t\t\t\t\t\t\t<div class=\"bm-masonry-wrapper\">\n\t\t\t\t\t<div class=\"bm-masonry-title\">\n\t\t\t\t\t<h4 class=\"bm_title\"><a href=\"https:\/\/ctica.ula.ve\/observatorio\/que-se-espera-para-la-tecnologia-en-2024\/\" rel=\"bookmark\">\u00bfQu\u00e9 se espera para la tecnolog\u00eda en 2024?<\/a><\/h4>\t\t\t\t\t<\/div>\n\t\t\t\t\t<div class=\"bm-masonry-desc bm_content\">\n\t\t\t\t\thttps:\/\/www.youtube.com\/watch?v=p6vN06ypccM\t\t\t\t\t<\/div>\n\t\t\t\t\t<div class=\"bm-masonry-meta bm_meta\">\n\t\t\t\t\t<span class=\"posted-on\"><i class=\"fa fa-clock\" aria-hidden=\"true\"><\/i><a href=\"https:\/\/ctica.ula.ve\/observatorio\/que-se-espera-para-la-tecnologia-en-2024\/\" rel=\"bookmark\">marzo 15, 2024<\/a><\/span><span class=\"comments-link\"><i class=\"fa fa-comments\" aria-hidden=\"true\"><\/i>0<\/span>\t\t\t\t\t<\/div>\n\t\t\t\t<\/div>\n\t\t\t\t\t\t<\/div>\n\t\t\t\t<div class=\"bm-masonry-item bm_content_box\">\n\t\t\t\t<div class=\"bm-post-image clearfix bm-hover-effect bm-hover-effect-blur\">\n\t\t\t\t<img loading=\"lazy\" decoding=\"async\" width=\"250\" height=\"192\" src=\"https:\/\/ctica.ula.ve\/observatorio\/wp-content\/uploads\/2024\/03\/gestion-de-aprendizaje-250x192.png\" class=\"attachment-bm-post-thumb size-bm-post-thumb wp-post-image\" alt=\"\" \/>\t\t\t\t<\/div>\n\t\t\t\t\t\t\t\t<div class=\"bm-masonry-wrapper\">\n\t\t\t\t\t<div class=\"bm-masonry-title\">\n\t\t\t\t\t<h4 class=\"bm_title\"><a href=\"https:\/\/ctica.ula.ve\/observatorio\/5-tendencias-educativas-y-tecnologicas-en-2024-innovacion-y-progreso-en-el-aula\/\" rel=\"bookmark\">5 Tendencias educativas y tecnol\u00f3gicas en 2024: innovaci\u00f3n y progreso en el aula<\/a><\/h4>\t\t\t\t\t<\/div>\n\t\t\t\t\t<div class=\"bm-masonry-desc bm_content\">\n\t\t\t\t\t5 Tendencias educativas y tecnol\u00f3gicas en 2024: innovaci\u00f3n y progreso en el aula En<a href=\"https:\/\/ctica.ula.ve\/observatorio\/5-tendencias-educativas-y-tecnologicas-en-2024-innovacion-y-progreso-en-el-aula\/\" rel=\"bookmark\" class=\"bm-read-more entry-read-more\">Leer m\u00e1s \u00bb<\/a>\t\t\t\t\t<\/div>\n\t\t\t\t\t<div class=\"bm-masonry-meta bm_meta\">\n\t\t\t\t\t<span class=\"posted-on\"><i class=\"fa fa-clock\" aria-hidden=\"true\"><\/i><a href=\"https:\/\/ctica.ula.ve\/observatorio\/5-tendencias-educativas-y-tecnologicas-en-2024-innovacion-y-progreso-en-el-aula\/\" rel=\"bookmark\">marzo 15, 2024<\/a><\/span><span class=\"comments-link\"><i class=\"fa fa-comments\" aria-hidden=\"true\"><\/i>0<\/span>\t\t\t\t\t<\/div>\n\t\t\t\t<\/div>\n\t\t\t\t\t\t<\/div>\n\t\t\t\t<div class=\"bm-masonry-item bm_content_box\">\n\t\t\t\t<div class=\"bm-post-image clearfix bm-hover-effect bm-hover-effect-blur\">\n\t\t\t\t<img loading=\"lazy\" decoding=\"async\" width=\"250\" height=\"240\" src=\"https:\/\/ctica.ula.ve\/observatorio\/wp-content\/uploads\/2024\/03\/OSCAR-MARTIN-CENTENO-250x240.jpg\" class=\"attachment-bm-post-thumb size-bm-post-thumb wp-post-image\" alt=\"\" \/>\t\t\t\t<\/div>\n\t\t\t\t\t\t\t\t<div class=\"bm-masonry-wrapper\">\n\t\t\t\t\t<div class=\"bm-masonry-title\">\n\t\t\t\t\t<h4 class=\"bm_title\"><a href=\"https:\/\/ctica.ula.ve\/observatorio\/introducir-solo-tecnologia-en-la-escuela-no-es-innovar-oscar-martin-centeno-director-y-maestro\/\" rel=\"bookmark\">Introducir solo tecnolog\u00eda en la escuela no es innovar. \u00d3scar Mart\u00edn Centeno, director y maestro<\/a><\/h4>\t\t\t\t\t<\/div>\n\t\t\t\t\t<div class=\"bm-masonry-desc bm_content\">\n\t\t\t\t\thttps:\/\/www.youtube.com\/watch?v=kMsUuKP3PP0\t\t\t\t\t<\/div>\n\t\t\t\t\t<div class=\"bm-masonry-meta bm_meta\">\n\t\t\t\t\t<span class=\"posted-on\"><i class=\"fa fa-clock\" aria-hidden=\"true\"><\/i><a href=\"https:\/\/ctica.ula.ve\/observatorio\/introducir-solo-tecnologia-en-la-escuela-no-es-innovar-oscar-martin-centeno-director-y-maestro\/\" rel=\"bookmark\">marzo 14, 2024<\/a><\/span><span class=\"comments-link\"><i class=\"fa fa-comments\" aria-hidden=\"true\"><\/i>0<\/span>\t\t\t\t\t<\/div>\n\t\t\t\t<\/div>\n\t\t\t\t\t\t<\/div>\n\t\t<\/div>\n<\/div>\t\t\t\t<\/div>\n\t\t\t\t<\/div>\n\t\t\t\t\t<\/div>\n\t\t\t\t<\/div>\n\t\t\t\t<\/div>\n\t\t\t\t\t<\/div>\n\t\t\t\t<\/div>\n\t\t\t\t<\/div>\n\t\t","protected":false},"excerpt":{"rendered":"<p>C\u00f3mo usar la tecnolog\u00eda para mejorar el aprendizaje. marzo 15, 20240 \u00bfLA IA representa un \u201cnivel de extinci\u00f3n\u201d para la humanidad? marzo 15, 20240 \u00bfQu\u00e9 se espera para la tecnolog\u00eda en 2024? marzo 15, 20240 5 Tendencias educativas y tecnol\u00f3gicas en 2024: innovaci\u00f3n y progreso en el aula 5 Tendencias educativas y tecnol\u00f3gicas en 2024: [&hellip;]<\/p>\n","protected":false},"author":3,"featured_media":0,"parent":0,"menu_order":0,"comment_status":"closed","ping_status":"closed","template":"","meta":{"footnotes":""},"class_list":["post-2962","page","type-page","status-publish","hentry"],"_links":{"self":[{"href":"https:\/\/ctica.ula.ve\/observatorio\/wp-json\/wp\/v2\/pages\/2962","targetHints":{"allow":["GET"]}}],"collection":[{"href":"https:\/\/ctica.ula.ve\/observatorio\/wp-json\/wp\/v2\/pages"}],"about":[{"href":"https:\/\/ctica.ula.ve\/observatorio\/wp-json\/wp\/v2\/types\/page"}],"author":[{"embeddable":true,"href":"https:\/\/ctica.ula.ve\/observatorio\/wp-json\/wp\/v2\/users\/3"}],"replies":[{"embeddable":true,"href":"https:\/\/ctica.ula.ve\/observatorio\/wp-json\/wp\/v2\/comments?post=2962"}],"version-history":[{"count":26,"href":"https:\/\/ctica.ula.ve\/observatorio\/wp-json\/wp\/v2\/pages\/2962\/revisions"}],"predecessor-version":[{"id":3131,"href":"https:\/\/ctica.ula.ve\/observatorio\/wp-json\/wp\/v2\/pages\/2962\/revisions\/3131"}],"wp:attachment":[{"href":"https:\/\/ctica.ula.ve\/observatorio\/wp-json\/wp\/v2\/media?parent=2962"}],"curies":[{"name":"wp","href":"https:\/\/api.w.org\/{rel}","templated":true}]}}