{"id":10,"date":"2023-10-19T06:41:08","date_gmt":"2023-10-19T10:41:08","guid":{"rendered":"http:\/\/ctica.ula.ve\/observatorio\/?page_id=10"},"modified":"2026-04-21T17:54:47","modified_gmt":"2026-04-21T21:54:47","slug":"inicio","status":"publish","type":"page","link":"https:\/\/ctica.ula.ve\/observatorio\/inicio\/","title":{"rendered":"Reg\u00edstrese aqu\u00ed"},"content":{"rendered":"\t\t<div data-elementor-type=\"wp-page\" data-elementor-id=\"10\" class=\"elementor elementor-10\" data-elementor-post-type=\"page\">\n\t\t\t\t<div class=\"elementor-element elementor-element-8997bfd e-flex e-con-boxed e-con e-parent\" data-id=\"8997bfd\" data-element_type=\"container\" data-e-type=\"container\">\n\t\t\t\t\t<div class=\"e-con-inner\">\n\t\t\t\t<div class=\"elementor-element elementor-element-bf498e9 exad-sticky-section-no exad-glass-effect-no elementor-widget elementor-widget-image\" data-id=\"bf498e9\" data-element_type=\"widget\" data-e-type=\"widget\" data-widget_type=\"image.default\">\n\t\t\t\t<div class=\"elementor-widget-container\">\n\t\t\t\t\t\t\t\t\t\t\t\t\t\t\t<img fetchpriority=\"high\" decoding=\"async\" width=\"2560\" height=\"353\" src=\"https:\/\/ctica.ula.ve\/observatorio\/wp-content\/uploads\/2025\/06\/investiga-scaled.png\" class=\"attachment-full size-full wp-image-7544\" alt=\"\" srcset=\"https:\/\/ctica.ula.ve\/observatorio\/wp-content\/uploads\/2025\/06\/investiga-scaled.png 2560w, https:\/\/ctica.ula.ve\/observatorio\/wp-content\/uploads\/2025\/06\/investiga-300x41.png 300w, https:\/\/ctica.ula.ve\/observatorio\/wp-content\/uploads\/2025\/06\/investiga-1024x141.png 1024w, https:\/\/ctica.ula.ve\/observatorio\/wp-content\/uploads\/2025\/06\/investiga-768x106.png 768w, https:\/\/ctica.ula.ve\/observatorio\/wp-content\/uploads\/2025\/06\/investiga-1536x212.png 1536w, https:\/\/ctica.ula.ve\/observatorio\/wp-content\/uploads\/2025\/06\/investiga-2048x282.png 2048w\" sizes=\"(max-width: 2560px) 100vw, 2560px\" \/>\t\t\t\t\t\t\t\t\t\t\t\t\t\t\t<\/div>\n\t\t\t\t<\/div>\n\t\t\t\t\t<\/div>\n\t\t\t\t<\/div>\n\t\t<div class=\"elementor-element elementor-element-e33737a e-con-full e-flex e-con e-parent\" data-id=\"e33737a\" data-element_type=\"container\" data-e-type=\"container\">\n\t\t<div class=\"elementor-element elementor-element-f6bec50 e-flex e-con-boxed e-con e-child\" data-id=\"f6bec50\" data-element_type=\"container\" data-e-type=\"container\">\n\t\t\t\t\t<div class=\"e-con-inner\">\n\t\t\t\t<div class=\"elementor-element elementor-element-f12271c elementor-widget__width-initial exad-sticky-section-no exad-glass-effect-no elementor-widget elementor-widget-text-editor\" data-id=\"f12271c\" data-element_type=\"widget\" data-e-type=\"widget\" data-widget_type=\"text-editor.default\">\n\t\t\t\t<div class=\"elementor-widget-container\">\n\t\t\t\t\t\t\t\t\t<p><span style=\"color: #05265b;\"><span style=\"color: #0053a1;\">El Observatorio de Innovaci\u00f3n Tecnol\u00f3gica y Educativa<\/span>,<span style=\"color: #0053a1;\"> permite dar una mirada a la innovaci\u00f3n tecnol\u00f3gica y educativa de la sociedad del conocimiento, donde est\u00e1 inmersa la Universidad de Los Andes. Por ello, le <\/span><span style=\"color: #0053a1;\">invitamos a participar en nuestro Observatorio, fundamentado en distintos enfoques del mundo digital, como\u00a0 un mecanismo para monitorear y divulgar la innovaci\u00f3n universitaria.<\/span><\/span><\/p><p><span style=\"color: #05265b;\"><span style=\"font-weight: 400;\">\u00a0<\/span><\/span><\/p>\t\t\t\t\t\t\t\t<\/div>\n\t\t\t\t<\/div>\n\t\t\t\t\t<\/div>\n\t\t\t\t<\/div>\n\t\t\t\t<\/div>\n\t\t<div class=\"elementor-element elementor-element-8010613 e-flex e-con-boxed e-con e-parent\" data-id=\"8010613\" data-element_type=\"container\" data-e-type=\"container\">\n\t\t\t\t\t<div class=\"e-con-inner\">\n\t\t<div class=\"elementor-element elementor-element-b203326 e-con-full e-flex e-con e-child\" data-id=\"b203326\" data-element_type=\"container\" data-e-type=\"container\">\n\t\t\t\t<div class=\"elementor-element elementor-element-1a4be1d exad-sticky-section-no exad-glass-effect-no elementor-widget elementor-widget-text-editor\" data-id=\"1a4be1d\" data-element_type=\"widget\" data-e-type=\"widget\" data-widget_type=\"text-editor.default\">\n\t\t\t\t<div class=\"elementor-widget-container\">\n\t\t\t\t\t\t\t\t\t<p>A trav\u00e9s de esta plataforma, el Observatorio de Innovaci\u00f3n Tecnol\u00f3gica y Educativa busca visibilizar el esfuerzo investigativo de la Universidad de Los Andes. Se convoca a la comunidad acad\u00e9mica a publicar sus contribuciones, incluyendo perfiles biogr\u00e1ficos y progresos en materia de innovaci\u00f3n y tecnolog\u00eda educativa.<\/p>\t\t\t\t\t\t\t\t<\/div>\n\t\t\t\t<\/div>\n\t\t\t\t<\/div>\n\t\t<div class=\"elementor-element elementor-element-8caba17 e-con-full e-flex e-con e-child\" data-id=\"8caba17\" data-element_type=\"container\" data-e-type=\"container\">\n\t\t\t\t<div class=\"elementor-element elementor-element-dea5cc2 elementor-widget__width-auto elementor-arrows-position-inside exad-sticky-section-no exad-glass-effect-no elementor-widget elementor-widget-image-carousel\" data-id=\"dea5cc2\" data-element_type=\"widget\" data-e-type=\"widget\" data-settings=\"{&quot;slides_to_show&quot;:&quot;1&quot;,&quot;navigation&quot;:&quot;arrows&quot;,&quot;autoplay_speed&quot;:2000,&quot;_animation&quot;:&quot;none&quot;,&quot;autoplay&quot;:&quot;yes&quot;,&quot;pause_on_interaction&quot;:&quot;yes&quot;,&quot;infinite&quot;:&quot;yes&quot;,&quot;effect&quot;:&quot;slide&quot;,&quot;speed&quot;:500}\" data-widget_type=\"image-carousel.default\">\n\t\t\t\t<div class=\"elementor-widget-container\">\n\t\t\t\t\t\t\t<div class=\"elementor-image-carousel-wrapper swiper\" role=\"region\" aria-roledescription=\"carousel\" aria-label=\"Carrusel de im\u00e1genes\" dir=\"ltr\">\n\t\t\t<div class=\"elementor-image-carousel swiper-wrapper\" aria-live=\"off\">\n\t\t\t\t\t\t\t\t<div class=\"swiper-slide\" role=\"group\" aria-roledescription=\"slide\" aria-label=\"1 of 13\"><figure class=\"swiper-slide-inner\"><img decoding=\"async\" class=\"swiper-slide-image\" src=\"https:\/\/ctica.ula.ve\/observatorio\/wp-content\/uploads\/2025\/05\/12-1-150x150.jpg\" alt=\"Dra. Patricia Rosenzweig\" \/><figcaption class=\"elementor-image-carousel-caption\">Dra. Patricia Rosenzweig<\/figcaption><\/figure><\/div><div class=\"swiper-slide\" role=\"group\" aria-roledescription=\"slide\" aria-label=\"2 of 13\"><figure class=\"swiper-slide-inner\"><img decoding=\"async\" class=\"swiper-slide-image\" src=\"https:\/\/ctica.ula.ve\/observatorio\/wp-content\/uploads\/2025\/05\/9-3-150x150.jpg\" alt=\"Dr. Jon\u00e1s Montilva\" \/><figcaption class=\"elementor-image-carousel-caption\">Dr. Jon\u00e1s Montilva<\/figcaption><\/figure><\/div><div class=\"swiper-slide\" role=\"group\" aria-roledescription=\"slide\" aria-label=\"3 of 13\"><figure class=\"swiper-slide-inner\"><img decoding=\"async\" class=\"swiper-slide-image\" src=\"https:\/\/ctica.ula.ve\/observatorio\/wp-content\/uploads\/2025\/05\/11-1-150x150.jpg\" alt=\"Dra. Lilian Angulo\" \/><figcaption class=\"elementor-image-carousel-caption\">Dra. Lilian Angulo<\/figcaption><\/figure><\/div><div class=\"swiper-slide\" role=\"group\" aria-roledescription=\"slide\" aria-label=\"4 of 13\"><figure class=\"swiper-slide-inner\"><img decoding=\"async\" class=\"swiper-slide-image\" src=\"https:\/\/ctica.ula.ve\/observatorio\/wp-content\/uploads\/2025\/05\/8-1-150x150.jpg\" alt=\"Dra. Sandra L. Ben\u00edtez  U.\" \/><figcaption class=\"elementor-image-carousel-caption\">Dra. Sandra L. Ben\u00edtez  U.<\/figcaption><\/figure><\/div><div class=\"swiper-slide\" role=\"group\" aria-roledescription=\"slide\" aria-label=\"5 of 13\"><figure class=\"swiper-slide-inner\"><img decoding=\"async\" class=\"swiper-slide-image\" src=\"https:\/\/ctica.ula.ve\/observatorio\/wp-content\/uploads\/2025\/05\/4-1-150x150.jpg\" alt=\"Dr. Jes\u00fas Morales\" \/><figcaption class=\"elementor-image-carousel-caption\">Dr. Jes\u00fas Morales<\/figcaption><\/figure><\/div><div class=\"swiper-slide\" role=\"group\" aria-roledescription=\"slide\" aria-label=\"6 of 13\"><figure class=\"swiper-slide-inner\"><img decoding=\"async\" class=\"swiper-slide-image\" src=\"https:\/\/ctica.ula.ve\/observatorio\/wp-content\/uploads\/2025\/05\/1-150x150.jpg\" alt=\"Ing. Leonel Vivas\" \/><figcaption class=\"elementor-image-carousel-caption\">Ing. Leonel Vivas<\/figcaption><\/figure><\/div><div class=\"swiper-slide\" role=\"group\" aria-roledescription=\"slide\" aria-label=\"7 of 13\"><figure class=\"swiper-slide-inner\"><img decoding=\"async\" class=\"swiper-slide-image\" src=\"https:\/\/ctica.ula.ve\/observatorio\/wp-content\/uploads\/2025\/05\/7-150x150.jpg\" alt=\"Dr. Tulio N\u00fa\u00f1ez\" \/><figcaption class=\"elementor-image-carousel-caption\">Dr. Tulio N\u00fa\u00f1ez<\/figcaption><\/figure><\/div><div class=\"swiper-slide\" role=\"group\" aria-roledescription=\"slide\" aria-label=\"8 of 13\"><figure class=\"swiper-slide-inner\"><img decoding=\"async\" class=\"swiper-slide-image\" src=\"https:\/\/ctica.ula.ve\/observatorio\/wp-content\/uploads\/2025\/05\/10-150x150.jpg\" alt=\"Dra. Beatriz Sandia\" \/><figcaption class=\"elementor-image-carousel-caption\">Dra. Beatriz Sandia<\/figcaption><\/figure><\/div><div class=\"swiper-slide\" role=\"group\" aria-roledescription=\"slide\" aria-label=\"9 of 13\"><figure class=\"swiper-slide-inner\"><img decoding=\"async\" class=\"swiper-slide-image\" src=\"https:\/\/ctica.ula.ve\/observatorio\/wp-content\/uploads\/2025\/05\/6-150x150.jpg\" alt=\"Dr. Juan Cardillo\" \/><figcaption class=\"elementor-image-carousel-caption\">Dr. Juan Cardillo<\/figcaption><\/figure><\/div><div class=\"swiper-slide\" role=\"group\" aria-roledescription=\"slide\" aria-label=\"10 of 13\"><figure class=\"swiper-slide-inner\"><img decoding=\"async\" class=\"swiper-slide-image\" src=\"https:\/\/ctica.ula.ve\/observatorio\/wp-content\/uploads\/2025\/05\/2-150x150.jpg\" alt=\"Dra. Mar\u00eda Teresa Celis\" \/><figcaption class=\"elementor-image-carousel-caption\">Dra. Mar\u00eda Teresa Celis<\/figcaption><\/figure><\/div><div class=\"swiper-slide\" role=\"group\" aria-roledescription=\"slide\" aria-label=\"11 of 13\"><figure class=\"swiper-slide-inner\"><img decoding=\"async\" class=\"swiper-slide-image\" src=\"https:\/\/ctica.ula.ve\/observatorio\/wp-content\/uploads\/2025\/05\/3-1-150x150.jpg\" alt=\"Dr. Sim\u00f3n P\u00e9rez\" \/><figcaption class=\"elementor-image-carousel-caption\">Dr. Sim\u00f3n P\u00e9rez <\/figcaption><\/figure><\/div><div class=\"swiper-slide\" role=\"group\" aria-roledescription=\"slide\" aria-label=\"12 of 13\"><figure class=\"swiper-slide-inner\"><img decoding=\"async\" class=\"swiper-slide-image\" src=\"https:\/\/ctica.ula.ve\/observatorio\/wp-content\/uploads\/2025\/05\/5-150x150.jpg\" alt=\"Dra. Marisela Murillo\" \/><figcaption class=\"elementor-image-carousel-caption\">Dra. Marisela Murillo<\/figcaption><\/figure><\/div><div class=\"swiper-slide\" role=\"group\" aria-roledescription=\"slide\" aria-label=\"13 of 13\"><figure class=\"swiper-slide-inner\"><img decoding=\"async\" class=\"swiper-slide-image\" src=\"https:\/\/ctica.ula.ve\/observatorio\/wp-content\/uploads\/2025\/05\/13-150x150.jpg\" alt=\"Dra. Eysabel M\u00e9ndez C.\" \/><figcaption class=\"elementor-image-carousel-caption\">Dra. Eysabel M\u00e9ndez C.<\/figcaption><\/figure><\/div>\t\t\t<\/div>\n\t\t\t\t\t\t\t\t\t\t\t\t<div class=\"elementor-swiper-button elementor-swiper-button-prev\" role=\"button\" tabindex=\"0\">\n\t\t\t\t\t\t<i aria-hidden=\"true\" class=\"eicon-chevron-left\"><\/i>\t\t\t\t\t<\/div>\n\t\t\t\t\t<div class=\"elementor-swiper-button elementor-swiper-button-next\" role=\"button\" tabindex=\"0\">\n\t\t\t\t\t\t<i aria-hidden=\"true\" class=\"eicon-chevron-right\"><\/i>\t\t\t\t\t<\/div>\n\t\t\t\t\n\t\t\t\t\t\t\t\t\t<\/div>\n\t\t\t\t\t\t<\/div>\n\t\t\t\t<\/div>\n\t\t\t\t<\/div>\n\t\t\t\t\t<\/div>\n\t\t\t\t<\/div>\n\t\t<div class=\"elementor-element elementor-element-76f0a5e e-flex e-con-boxed e-con e-parent\" data-id=\"76f0a5e\" data-element_type=\"container\" data-e-type=\"container\">\n\t\t\t\t\t<div class=\"e-con-inner\">\n\t\t<div class=\"elementor-element elementor-element-1040153 e-con-full e-flex e-con e-child\" data-id=\"1040153\" data-element_type=\"container\" data-e-type=\"container\">\n\t\t\t\t<div class=\"elementor-element elementor-element-8010046 elementor-button-info elementor-align-justify elementor-widget__width-initial exad-sticky-section-no exad-glass-effect-no elementor-widget elementor-widget-button\" data-id=\"8010046\" data-element_type=\"widget\" data-e-type=\"widget\" data-widget_type=\"button.default\">\n\t\t\t\t<div class=\"elementor-widget-container\">\n\t\t\t\t\t\t\t\t\t<div class=\"elementor-button-wrapper\">\n\t\t\t\t\t<a class=\"elementor-button elementor-button-link elementor-size-md\" href=\"https:\/\/docs.google.com\/forms\/d\/1MS3GlbzmT6mpkxT5WwfQDtCL9uF5tWoppRfki43BZMw\/edit\" target=\"_blank\">\n\t\t\t\t\t\t<span class=\"elementor-button-content-wrapper\">\n\t\t\t\t\t\t\t\t\t<span class=\"elementor-button-text\">Registro de Investigador<\/span>\n\t\t\t\t\t<\/span>\n\t\t\t\t\t<\/a>\n\t\t\t\t<\/div>\n\t\t\t\t\t\t\t\t<\/div>\n\t\t\t\t<\/div>\n\t\t\t\t<\/div>\n\t\t<div class=\"elementor-element elementor-element-0016bec e-con-full e-flex e-con e-child\" data-id=\"0016bec\" data-element_type=\"container\" data-e-type=\"container\">\n\t\t\t\t<div class=\"elementor-element elementor-element-dfe918d elementor-button-info elementor-align-justify elementor-widget__width-initial exad-sticky-section-no exad-glass-effect-no elementor-widget elementor-widget-button\" data-id=\"dfe918d\" data-element_type=\"widget\" data-e-type=\"widget\" data-widget_type=\"button.default\">\n\t\t\t\t<div class=\"elementor-widget-container\">\n\t\t\t\t\t\t\t\t\t<div class=\"elementor-button-wrapper\">\n\t\t\t\t\t<a class=\"elementor-button elementor-button-link elementor-size-md\" href=\"https:\/\/forms.gle\/9jXkqfb7qEMVHD3j6\" target=\"_blank\">\n\t\t\t\t\t\t<span class=\"elementor-button-content-wrapper\">\n\t\t\t\t\t\t\t\t\t<span class=\"elementor-button-text\">Registre  sus Proyectos<\/span>\n\t\t\t\t\t<\/span>\n\t\t\t\t\t<\/a>\n\t\t\t\t<\/div>\n\t\t\t\t\t\t\t\t<\/div>\n\t\t\t\t<\/div>\n\t\t\t\t<\/div>\n\t\t\t\t\t<\/div>\n\t\t\t\t<\/div>\n\t\t\t\t<\/div>\n\t\t","protected":false},"excerpt":{"rendered":"<p>El Observatorio de Innovaci\u00f3n Tecnol\u00f3gica y Educativa, permite dar una mirada a la innovaci\u00f3n tecnol\u00f3gica y educativa de la sociedad del conocimiento, donde est\u00e1 inmersa la Universidad de Los Andes. Por ello, le invitamos a participar en nuestro Observatorio, fundamentado en distintos enfoques del mundo digital, como\u00a0 un mecanismo para monitorear y divulgar la innovaci\u00f3n [&hellip;]<\/p>\n","protected":false},"author":3,"featured_media":0,"parent":0,"menu_order":0,"comment_status":"closed","ping_status":"closed","template":"template\/page-builder.php","meta":{"footnotes":""},"class_list":["post-10","page","type-page","status-publish","hentry"],"_links":{"self":[{"href":"https:\/\/ctica.ula.ve\/observatorio\/wp-json\/wp\/v2\/pages\/10","targetHints":{"allow":["GET"]}}],"collection":[{"href":"https:\/\/ctica.ula.ve\/observatorio\/wp-json\/wp\/v2\/pages"}],"about":[{"href":"https:\/\/ctica.ula.ve\/observatorio\/wp-json\/wp\/v2\/types\/page"}],"author":[{"embeddable":true,"href":"https:\/\/ctica.ula.ve\/observatorio\/wp-json\/wp\/v2\/users\/3"}],"replies":[{"embeddable":true,"href":"https:\/\/ctica.ula.ve\/observatorio\/wp-json\/wp\/v2\/comments?post=10"}],"version-history":[{"count":762,"href":"https:\/\/ctica.ula.ve\/observatorio\/wp-json\/wp\/v2\/pages\/10\/revisions"}],"predecessor-version":[{"id":9443,"href":"https:\/\/ctica.ula.ve\/observatorio\/wp-json\/wp\/v2\/pages\/10\/revisions\/9443"}],"wp:attachment":[{"href":"https:\/\/ctica.ula.ve\/observatorio\/wp-json\/wp\/v2\/media?parent=10"}],"curies":[{"name":"wp","href":"https:\/\/api.w.org\/{rel}","templated":true}]}}