{"id":261,"date":"2025-10-13T08:31:52","date_gmt":"2025-10-13T12:31:52","guid":{"rendered":"https:\/\/ctica.ula.ve\/captic-academico\/?page_id=261"},"modified":"2025-12-01T09:08:52","modified_gmt":"2025-12-01T13:08:52","slug":"cursos","status":"publish","type":"page","link":"https:\/\/ctica.ula.ve\/captic-academico\/cursos\/","title":{"rendered":"Cursos"},"content":{"rendered":"\t\t<div data-elementor-type=\"wp-page\" data-elementor-id=\"261\" class=\"elementor elementor-261\" data-elementor-post-type=\"page\">\n\t\t\t\t<div class=\"elementor-element elementor-element-4e54530 e-flex e-con-boxed e-con e-parent\" data-id=\"4e54530\" data-element_type=\"container\">\n\t\t\t\t\t<div class=\"e-con-inner\">\n\t\t\t\t<div class=\"elementor-element elementor-element-ddead42 elementor-widget elementor-widget-image\" data-id=\"ddead42\" data-element_type=\"widget\" data-widget_type=\"image.default\">\n\t\t\t\t<div class=\"elementor-widget-container\">\n\t\t\t\t\t\t\t\t\t\t\t\t\t\t\t<img fetchpriority=\"high\" decoding=\"async\" width=\"300\" height=\"200\" src=\"https:\/\/ctica.ula.ve\/captic-academico\/wp-content\/uploads\/2025\/10\/cursos-300x200.png\" class=\"attachment-medium size-medium wp-image-630\" alt=\"\" srcset=\"https:\/\/ctica.ula.ve\/captic-academico\/wp-content\/uploads\/2025\/10\/cursos-300x200.png 300w, https:\/\/ctica.ula.ve\/captic-academico\/wp-content\/uploads\/2025\/10\/cursos-1024x684.png 1024w, https:\/\/ctica.ula.ve\/captic-academico\/wp-content\/uploads\/2025\/10\/cursos-768x513.png 768w, https:\/\/ctica.ula.ve\/captic-academico\/wp-content\/uploads\/2025\/10\/cursos.png 1334w\" sizes=\"(max-width: 300px) 100vw, 300px\" \/>\t\t\t\t\t\t\t\t\t\t\t\t\t\t\t<\/div>\n\t\t\t\t<\/div>\n\t\t\t\t\t<\/div>\n\t\t\t\t<\/div>\n\t\t<div class=\"elementor-element elementor-element-174f31a e-flex e-con-boxed e-con e-parent\" data-id=\"174f31a\" data-element_type=\"container\">\n\t\t\t\t\t<div class=\"e-con-inner\">\n\t\t\t\t<div class=\"elementor-element elementor-element-0a9a81c elementor-widget-divider--view-line elementor-widget elementor-widget-divider\" data-id=\"0a9a81c\" data-element_type=\"widget\" data-widget_type=\"divider.default\">\n\t\t\t\t<div class=\"elementor-widget-container\">\n\t\t\t\t\t\t\t<div class=\"elementor-divider\">\n\t\t\t<span class=\"elementor-divider-separator\">\n\t\t\t\t\t\t<\/span>\n\t\t<\/div>\n\t\t\t\t\t\t<\/div>\n\t\t\t\t<\/div>\n\t\t\t\t\t<\/div>\n\t\t\t\t<\/div>\n\t\t<div class=\"elementor-element elementor-element-286a1cb e-flex e-con-boxed e-con e-parent\" data-id=\"286a1cb\" data-element_type=\"container\">\n\t\t\t\t\t<div class=\"e-con-inner\">\n\t\t\t\t<div class=\"elementor-element elementor-element-705fe29 elementor-widget elementor-widget-image\" data-id=\"705fe29\" data-element_type=\"widget\" data-widget_type=\"image.default\">\n\t\t\t\t<div class=\"elementor-widget-container\">\n\t\t\t\t\t\t\t\t\t\t\t\t\t\t\t<img decoding=\"async\" width=\"2560\" height=\"238\" src=\"https:\/\/ctica.ula.ve\/captic-academico\/wp-content\/uploads\/2025\/12\/microlearning-scaled.png\" class=\"attachment-full size-full wp-image-831\" alt=\"\" srcset=\"https:\/\/ctica.ula.ve\/captic-academico\/wp-content\/uploads\/2025\/12\/microlearning-scaled.png 2560w, https:\/\/ctica.ula.ve\/captic-academico\/wp-content\/uploads\/2025\/12\/microlearning-300x28.png 300w, https:\/\/ctica.ula.ve\/captic-academico\/wp-content\/uploads\/2025\/12\/microlearning-1024x95.png 1024w, https:\/\/ctica.ula.ve\/captic-academico\/wp-content\/uploads\/2025\/12\/microlearning-768x71.png 768w, https:\/\/ctica.ula.ve\/captic-academico\/wp-content\/uploads\/2025\/12\/microlearning-1536x143.png 1536w, https:\/\/ctica.ula.ve\/captic-academico\/wp-content\/uploads\/2025\/12\/microlearning-2048x190.png 2048w\" sizes=\"(max-width: 2560px) 100vw, 2560px\" \/>\t\t\t\t\t\t\t\t\t\t\t\t\t\t\t<\/div>\n\t\t\t\t<\/div>\n\t\t\t\t\t<\/div>\n\t\t\t\t<\/div>\n\t\t<div class=\"elementor-element elementor-element-4bebc6a e-flex e-con-boxed e-con e-parent\" data-id=\"4bebc6a\" data-element_type=\"container\">\n\t\t\t\t\t<div class=\"e-con-inner\">\n\t\t<div class=\"elementor-element elementor-element-63fd8a3 e-con-full e-flex e-con e-child\" data-id=\"63fd8a3\" data-element_type=\"container\">\n\t\t\t\t<div class=\"elementor-element elementor-element-94a8a8f elementor-widget elementor-widget-image\" data-id=\"94a8a8f\" data-element_type=\"widget\" data-widget_type=\"image.default\">\n\t\t\t\t<div class=\"elementor-widget-container\">\n\t\t\t\t\t\t\t\t\t\t\t\t\t\t\t<img decoding=\"async\" width=\"150\" height=\"150\" src=\"https:\/\/ctica.ula.ve\/captic-academico\/wp-content\/uploads\/2025\/10\/google-classroom-150x150.jpg\" class=\"attachment-thumbnail size-thumbnail wp-image-331\" alt=\"\" \/>\t\t\t\t\t\t\t\t\t\t\t\t\t\t\t<\/div>\n\t\t\t\t<\/div>\n\t\t\t\t<\/div>\n\t\t<div class=\"elementor-element elementor-element-76a838b e-con-full e-flex e-con e-child\" data-id=\"76a838b\" data-element_type=\"container\">\n\t\t\t\t<div class=\"elementor-element elementor-element-99d7bfa elementor-invisible elementor-widget elementor-widget-text-editor\" data-id=\"99d7bfa\" data-element_type=\"widget\" data-settings=\"{&quot;_animation&quot;:&quot;fadeIn&quot;}\" data-widget_type=\"text-editor.default\">\n\t\t\t\t<div class=\"elementor-widget-container\">\n\t\t\t\t\t\t\t\t\t<h5><span style=\"font-weight: 400;\">Google Classroom:<\/span><\/h5><ul><li style=\"font-weight: 400;\" aria-level=\"1\"><span style=\"font-weight: 400;\">\u00bfQu\u00e9 es Classroom?<\/span><\/li><li style=\"font-weight: 400;\" aria-level=\"1\"><span style=\"font-weight: 400;\">Elementos del Classroom<\/span><\/li><li style=\"font-weight: 400;\" aria-level=\"1\"><span style=\"font-weight: 400;\">Crea tu aula en Classroom<\/span><\/li><\/ul>\t\t\t\t\t\t\t\t<\/div>\n\t\t\t\t<\/div>\n\t\t\t\t<\/div>\n\t\t\t\t\t<\/div>\n\t\t\t\t<\/div>\n\t\t<div class=\"elementor-element elementor-element-7ccd512 e-flex e-con-boxed e-con e-parent\" data-id=\"7ccd512\" data-element_type=\"container\">\n\t\t\t\t\t<div class=\"e-con-inner\">\n\t\t\t\t<div class=\"elementor-element elementor-element-eaee481 elementor-widget-divider--view-line elementor-widget elementor-widget-divider\" data-id=\"eaee481\" data-element_type=\"widget\" data-widget_type=\"divider.default\">\n\t\t\t\t<div class=\"elementor-widget-container\">\n\t\t\t\t\t\t\t<div class=\"elementor-divider\">\n\t\t\t<span class=\"elementor-divider-separator\">\n\t\t\t\t\t\t<\/span>\n\t\t<\/div>\n\t\t\t\t\t\t<\/div>\n\t\t\t\t<\/div>\n\t\t\t\t\t<\/div>\n\t\t\t\t<\/div>\n\t\t<div class=\"elementor-element elementor-element-876cb22 e-flex e-con-boxed e-con e-parent\" data-id=\"876cb22\" data-element_type=\"container\">\n\t\t\t\t\t<div class=\"e-con-inner\">\n\t\t<div class=\"elementor-element elementor-element-4ef37d6 e-con-full e-flex e-con e-child\" data-id=\"4ef37d6\" data-element_type=\"container\">\n\t\t\t\t<div class=\"elementor-element elementor-element-0f31798 elementor-widget elementor-widget-image\" data-id=\"0f31798\" data-element_type=\"widget\" data-widget_type=\"image.default\">\n\t\t\t\t<div class=\"elementor-widget-container\">\n\t\t\t\t\t\t\t\t\t\t\t\t\t\t\t<img loading=\"lazy\" decoding=\"async\" width=\"150\" height=\"150\" src=\"https:\/\/ctica.ula.ve\/captic-academico\/wp-content\/uploads\/2025\/10\/Lineas-de-tiempo-150x150.jpg\" class=\"attachment-thumbnail size-thumbnail wp-image-332\" alt=\"\" \/>\t\t\t\t\t\t\t\t\t\t\t\t\t\t\t<\/div>\n\t\t\t\t<\/div>\n\t\t\t\t<\/div>\n\t\t<div class=\"elementor-element elementor-element-27b060c e-con-full e-flex e-con e-child\" data-id=\"27b060c\" data-element_type=\"container\">\n\t\t\t\t<div class=\"elementor-element elementor-element-d782d5f elementor-invisible elementor-widget elementor-widget-text-editor\" data-id=\"d782d5f\" data-element_type=\"widget\" data-settings=\"{&quot;_animation&quot;:&quot;fadeIn&quot;}\" data-widget_type=\"text-editor.default\">\n\t\t\t\t<div class=\"elementor-widget-container\">\n\t\t\t\t\t\t\t\t\t<h5><span style=\"font-weight: 400;\">L\u00edneas de Tiempo:<\/span><\/h5><ul><li style=\"font-weight: 400;\" aria-level=\"1\"><span style=\"font-weight: 400;\">\u00bfQu\u00e9 son las L\u00edneas de Tiempo?<\/span><\/li><li style=\"font-weight: 400;\" aria-level=\"1\"><span style=\"font-weight: 400;\">Herramientas para dise\u00f1ar L\u00edneas de Tiempo<\/span><\/li><li style=\"font-weight: 400;\" aria-level=\"1\"><span style=\"font-weight: 400;\">Ejemplos para crear L\u00edneas de Tiempo<\/span><\/li><\/ul>\t\t\t\t\t\t\t\t<\/div>\n\t\t\t\t<\/div>\n\t\t\t\t<\/div>\n\t\t\t\t\t<\/div>\n\t\t\t\t<\/div>\n\t\t<div class=\"elementor-element elementor-element-41eb76b e-flex e-con-boxed e-con e-parent\" data-id=\"41eb76b\" data-element_type=\"container\">\n\t\t\t\t\t<div class=\"e-con-inner\">\n\t\t\t\t<div class=\"elementor-element elementor-element-cb30d5f elementor-widget-divider--view-line elementor-widget elementor-widget-divider\" data-id=\"cb30d5f\" data-element_type=\"widget\" data-widget_type=\"divider.default\">\n\t\t\t\t<div class=\"elementor-widget-container\">\n\t\t\t\t\t\t\t<div class=\"elementor-divider\">\n\t\t\t<span class=\"elementor-divider-separator\">\n\t\t\t\t\t\t<\/span>\n\t\t<\/div>\n\t\t\t\t\t\t<\/div>\n\t\t\t\t<\/div>\n\t\t\t\t\t<\/div>\n\t\t\t\t<\/div>\n\t\t<div class=\"elementor-element elementor-element-0007155 e-flex e-con-boxed e-con e-parent\" data-id=\"0007155\" data-element_type=\"container\">\n\t\t\t\t\t<div class=\"e-con-inner\">\n\t\t<div class=\"elementor-element elementor-element-e8407a3 e-con-full e-flex e-con e-child\" data-id=\"e8407a3\" data-element_type=\"container\">\n\t\t\t\t<div class=\"elementor-element elementor-element-515ad97 elementor-widget elementor-widget-image\" data-id=\"515ad97\" data-element_type=\"widget\" data-widget_type=\"image.default\">\n\t\t\t\t<div class=\"elementor-widget-container\">\n\t\t\t\t\t\t\t\t\t\t\t\t\t\t\t<img loading=\"lazy\" decoding=\"async\" width=\"150\" height=\"150\" src=\"https:\/\/ctica.ula.ve\/captic-academico\/wp-content\/uploads\/2025\/10\/Genially-150x150.jpg\" class=\"attachment-thumbnail size-thumbnail wp-image-333\" alt=\"\" \/>\t\t\t\t\t\t\t\t\t\t\t\t\t\t\t<\/div>\n\t\t\t\t<\/div>\n\t\t\t\t<\/div>\n\t\t<div class=\"elementor-element elementor-element-9bc1004 e-con-full e-flex e-con e-child\" data-id=\"9bc1004\" data-element_type=\"container\">\n\t\t\t\t<div class=\"elementor-element elementor-element-b9a836e elementor-invisible elementor-widget elementor-widget-text-editor\" data-id=\"b9a836e\" data-element_type=\"widget\" data-settings=\"{&quot;_animation&quot;:&quot;fadeIn&quot;}\" data-widget_type=\"text-editor.default\">\n\t\t\t\t<div class=\"elementor-widget-container\">\n\t\t\t\t\t\t\t\t\t<h5><span style=\"font-weight: 400;\">Genially:<\/span><\/h5><ul><li><span style=\"font-weight: 400;\">\u00bfQu\u00e9 es <\/span><span style=\"font-weight: 400;\">Genially<\/span><\/li><li><span style=\"font-weight: 400;\">Elementos que conforma la Plataforma Genially\u00a0<\/span><\/li><li><span style=\"font-weight: 400;\">Creaci\u00f3n de Recursos Educativos Abiertos con Genially<\/span><\/li><li style=\"list-style-type: none;\">\u00a0<\/li><\/ul>\t\t\t\t\t\t\t\t<\/div>\n\t\t\t\t<\/div>\n\t\t\t\t<\/div>\n\t\t\t\t\t<\/div>\n\t\t\t\t<\/div>\n\t\t<div class=\"elementor-element elementor-element-19f12f3 e-flex e-con-boxed e-con e-parent\" data-id=\"19f12f3\" data-element_type=\"container\">\n\t\t\t\t\t<div class=\"e-con-inner\">\n\t\t\t\t<div class=\"elementor-element elementor-element-9010487 elementor-widget-divider--view-line elementor-widget elementor-widget-divider\" data-id=\"9010487\" data-element_type=\"widget\" data-widget_type=\"divider.default\">\n\t\t\t\t<div class=\"elementor-widget-container\">\n\t\t\t\t\t\t\t<div class=\"elementor-divider\">\n\t\t\t<span class=\"elementor-divider-separator\">\n\t\t\t\t\t\t<\/span>\n\t\t<\/div>\n\t\t\t\t\t\t<\/div>\n\t\t\t\t<\/div>\n\t\t\t\t\t<\/div>\n\t\t\t\t<\/div>\n\t\t<div class=\"elementor-element elementor-element-a2c1dd5 e-flex e-con-boxed e-con e-parent\" data-id=\"a2c1dd5\" data-element_type=\"container\">\n\t\t\t\t\t<div class=\"e-con-inner\">\n\t\t<div class=\"elementor-element elementor-element-39ca4ab e-con-full e-flex e-con e-child\" data-id=\"39ca4ab\" data-element_type=\"container\">\n\t\t\t\t<div class=\"elementor-element elementor-element-1d30230 elementor-widget elementor-widget-image\" data-id=\"1d30230\" data-element_type=\"widget\" data-widget_type=\"image.default\">\n\t\t\t\t<div class=\"elementor-widget-container\">\n\t\t\t\t\t\t\t\t\t\t\t\t\t\t\t<img loading=\"lazy\" decoding=\"async\" width=\"150\" height=\"150\" src=\"https:\/\/ctica.ula.ve\/captic-academico\/wp-content\/uploads\/2025\/10\/Exelearning-150x150.jpg\" class=\"attachment-thumbnail size-thumbnail wp-image-334\" alt=\"\" \/>\t\t\t\t\t\t\t\t\t\t\t\t\t\t\t<\/div>\n\t\t\t\t<\/div>\n\t\t\t\t<\/div>\n\t\t<div class=\"elementor-element elementor-element-5b13f8f e-con-full e-flex e-con e-child\" data-id=\"5b13f8f\" data-element_type=\"container\">\n\t\t\t\t<div class=\"elementor-element elementor-element-0d19009 elementor-invisible elementor-widget elementor-widget-text-editor\" data-id=\"0d19009\" data-element_type=\"widget\" data-settings=\"{&quot;_animation&quot;:&quot;fadeIn&quot;}\" data-widget_type=\"text-editor.default\">\n\t\t\t\t<div class=\"elementor-widget-container\">\n\t\t\t\t\t\t\t\t\t<h5><span style=\"font-weight: 400;\">exeLearning:<\/span><\/h5><ul><li style=\"font-weight: 400;\" aria-level=\"1\"><span style=\"font-weight: 400;\">\u00bfQu\u00e9 es <\/span><span style=\"font-weight: 400;\">exeLearning<\/span><span style=\"font-weight: 400;\">?<\/span><\/li><li style=\"font-weight: 400;\" aria-level=\"1\"><span style=\"font-weight: 400;\">\u00bfC\u00f3mo se instala exeLearning?<\/span><\/li><li style=\"font-weight: 400;\" aria-level=\"1\"><span style=\"font-weight: 400;\">\u00bfC\u00f3mo crear una Pildoras de Conocimiento?<\/span><\/li><\/ul><p>\u00a0<\/p>\t\t\t\t\t\t\t\t<\/div>\n\t\t\t\t<\/div>\n\t\t\t\t<\/div>\n\t\t\t\t\t<\/div>\n\t\t\t\t<\/div>\n\t\t\t\t<\/div>\n\t\t","protected":false},"excerpt":{"rendered":"<p>Google Classroom: \u00bfQu\u00e9 es Classroom? Elementos del Classroom Crea tu aula en Classroom L\u00edneas de Tiempo: \u00bfQu\u00e9 son las L\u00edneas de Tiempo? Herramientas para dise\u00f1ar L\u00edneas de Tiempo Ejemplos para crear L\u00edneas de Tiempo Genially: \u00bfQu\u00e9 es Genially Elementos que<\/p>\n","protected":false},"author":3,"featured_media":0,"parent":0,"menu_order":0,"comment_status":"closed","ping_status":"closed","template":"","meta":{"footnotes":""},"class_list":["post-261","page","type-page","status-publish","hentry"],"_links":{"self":[{"href":"https:\/\/ctica.ula.ve\/captic-academico\/wp-json\/wp\/v2\/pages\/261","targetHints":{"allow":["GET"]}}],"collection":[{"href":"https:\/\/ctica.ula.ve\/captic-academico\/wp-json\/wp\/v2\/pages"}],"about":[{"href":"https:\/\/ctica.ula.ve\/captic-academico\/wp-json\/wp\/v2\/types\/page"}],"author":[{"embeddable":true,"href":"https:\/\/ctica.ula.ve\/captic-academico\/wp-json\/wp\/v2\/users\/3"}],"replies":[{"embeddable":true,"href":"https:\/\/ctica.ula.ve\/captic-academico\/wp-json\/wp\/v2\/comments?post=261"}],"version-history":[{"count":65,"href":"https:\/\/ctica.ula.ve\/captic-academico\/wp-json\/wp\/v2\/pages\/261\/revisions"}],"predecessor-version":[{"id":837,"href":"https:\/\/ctica.ula.ve\/captic-academico\/wp-json\/wp\/v2\/pages\/261\/revisions\/837"}],"wp:attachment":[{"href":"https:\/\/ctica.ula.ve\/captic-academico\/wp-json\/wp\/v2\/media?parent=261"}],"curies":[{"name":"wp","href":"https:\/\/api.w.org\/{rel}","templated":true}]}}